{"id":1935,"date":"2016-11-29T18:34:49","date_gmt":"2016-11-30T00:34:49","guid":{"rendered":"http:\/\/localhost:8888\/?page_id=1935"},"modified":"2020-11-04T21:02:27","modified_gmt":"2020-11-05T03:02:27","slug":"red-de-socios-comerciales","status":"publish","type":"page","link":"https:\/\/www.maxvalue.com.mx\/?page_id=1935","title":{"rendered":"Red de Socios Comerciales"},"content":{"rendered":"<p>[vc_row vertical_align=&#8221;middle&#8221; padding_size=&#8221;no-padding&#8221; background_color=&#8221;#ffffff&#8221; css=&#8221;.vc_custom_1480537774037{border-top-width: -30% !important;border-right-width: -30% !important;border-bottom-width: -30% !important;border-left-width: -30% !important;border-left-color: #deded5 !important;border-left-style: Solid !important;border-right-color: #deded5 !important;border-right-style: Solid !important;border-top-color: #deded5 !important;border-top-style: Solid !important;border-bottom-color: #deded5 !important;border-bottom-style: Solid !important;}&#8221;][vc_column text_align=&#8221;center&#8221; padding_size=&#8221;no-padding&#8221; css=&#8221;.vc_custom_1480537560632{border-top-width: -50px !important;border-right-width: -50px !important;border-bottom-width: -50px !important;border-left-width: -50px !important;}&#8221;][vc_empty_space height=&#8221;200px&#8221;][vc_custom_heading text=&#8221;te abrimos las puertas a una amplia gama de comercios en todo tipo de giros&#8221; font_container=&#8221;tag:h2|font_size:40px|text_align:center|color:%23adadad|line_height:50px&#8221; google_fonts=&#8221;font_family:PT%20Sans%3Aregular%2Citalic%2C700%2C700italic|font_style:400%20regular%3A400%3Anormal&#8221; text_transform=&#8221;uppercase&#8221; animation=&#8221;fadeIn&#8221; css=&#8221;.vc_custom_1487364476671{padding-right: 5% !important;padding-left: 5% !important;}&#8221;][vc_single_image image=&#8221;1741&#8243; alignment=&#8221;center&#8221; css=&#8221;.vc_custom_1480537082535{margin-top: 2% !important;}&#8221; animation=&#8221;fadeInUp&#8221;][vc_empty_space height=&#8221;150px&#8221;][\/vc_column][\/vc_row][vc_row vertical_align=&#8221;middle&#8221; padding_size=&#8221;no-padding&#8221; background_color=&#8221;#0eafaa&#8221;][vc_column text_align=&#8221;center&#8221; padding_size=&#8221;no-padding&#8221; css=&#8221;.vc_custom_1480537560632{border-top-width: -50px !important;border-right-width: -50px !important;border-bottom-width: -50px !important;border-left-width: -50px !important;}&#8221;][vc_empty_space height=&#8221;200px&#8221;][vc_custom_heading text=&#8221;Intermediaci\u00f3n de promociones, programas de lealtad, ventas exclusivas y festivales gastron\u00f3micos.&#8221; font_container=&#8221;tag:h2|font_size:30px|text_align:center|color:%23ffffff|line_height:40px&#8221; google_fonts=&#8221;font_family:Ubuntu%3A300%2C300italic%2Cregular%2Citalic%2C500%2C500italic%2C700%2C700italic|font_style:300%20light%20regular%3A300%3Anormal&#8221; text_transform=&#8221;none&#8221; animation=&#8221;fadeIn&#8221; letter_spacing=&#8221;2px&#8221; css=&#8221;.vc_custom_1487364486516{padding-right: 5% !important;padding-left: 5% !important;}&#8221;][vc_empty_space height=&#8221;110px&#8221;][\/vc_column][\/vc_row][vc_row vertical_align=&#8221;middle&#8221; padding_size=&#8221;no-padding&#8221; background_color=&#8221;#0eafaa&#8221;][vc_column text_align=&#8221;center&#8221; padding_size=&#8221;no-padding&#8221; width=&#8221;1\/3&#8243; css=&#8221;.vc_custom_1480539309251{border-top-width: -50px !important;border-right-width: -50px !important;border-bottom-width: -50px !important;border-left-width: -50px !important;}&#8221;][vc_single_image image=&#8221;3193&#8243; alignment=&#8221;center&#8221; css=&#8221;.vc_custom_1604545203510{margin-top: 2% !important;}&#8221; animation=&#8221;fadeInUp&#8221;][vc_empty_space height=&#8221;200px&#8221;][\/vc_column][vc_column padding_size=&#8221;no-padding&#8221; width=&#8221;1\/3&#8243;][vc_single_image image=&#8221;3195&#8243; alignment=&#8221;center&#8221; css=&#8221;.vc_custom_1604545302950{margin-top: 2% !important;}&#8221; animation=&#8221;fadeInUp&#8221;][vc_empty_space height=&#8221;200px&#8221;][\/vc_column][vc_column width=&#8221;1\/3&#8243;][vc_single_image image=&#8221;3194&#8243; alignment=&#8221;center&#8221; css=&#8221;.vc_custom_1604545341550{margin-top: 2% !important;}&#8221; animation=&#8221;fadeInUp&#8221;][vc_empty_space height=&#8221;200px&#8221;][\/vc_column][\/vc_row][vc_row padding_size=&#8221;no-padding&#8221; background_color=&#8221;#cccccc&#8221;][vc_column text_align=&#8221;center&#8221; padding_size=&#8221;no-padding&#8221; width=&#8221;1\/4&#8243;][vc_empty_space height=&#8221;50px&#8221;][vc_column_text css=&#8221;.vc_custom_1488475840526{padding-bottom: -10% !important;}&#8221;]<img decoding=\"async\" loading=\"lazy\" class=\"size-full wp-image-1744 aligncenter\" src=\"http:\/\/www.maxvalue.com.mx\/wp-content\/uploads\/2016\/11\/sello_promo.png\" alt=\"sello_promo\" width=\"159\" height=\"119\" \/>[\/vc_column_text][vc_custom_heading text=&#8221;Promociones <strong>100%<\/strong><br \/>\ngarantizadas&#8221; font_container=&#8221;tag:h2|font_size:18px|text_align:center|color:%23333333|line_height:23px&#8221; google_fonts=&#8221;font_family:Ubuntu%3A300%2C300italic%2Cregular%2Citalic%2C500%2C500italic%2C700%2C700italic|font_style:300%20light%20regular%3A300%3Anormal&#8221; text_transform=&#8221;none&#8221; animation=&#8221;fadeInLeft&#8221;][vc_empty_space height=&#8221;100px&#8221;][vc_custom_heading text=&#8221;Manejamos diferentes perfiles y segmentos (C+ en adelante), exclusivos para cada cliente&#8221; font_container=&#8221;tag:h2|font_size:18px|text_align:center|color:%23333333|line_height:23px&#8221; google_fonts=&#8221;font_family:Ubuntu%3A300%2C300italic%2Cregular%2Citalic%2C500%2C500italic%2C700%2C700italic|font_style:300%20light%20regular%3A300%3Anormal&#8221; text_transform=&#8221;none&#8221; animation=&#8221;fadeInLeft&#8221; css=&#8221;.vc_custom_1487364036040{padding-right: 7% !important;padding-left: 7% !important;}&#8221;][vc_empty_space height=&#8221;100px&#8221;][vc_custom_heading text=&#8221;<strong>+2,500 socios<\/strong> comerciales<br \/>\nen M\u00e9xico y en el extranjero&#8221; font_container=&#8221;tag:h2|font_size:18px|text_align:center|color:%23333333|line_height:23px&#8221; google_fonts=&#8221;font_family:Ubuntu%3A300%2C300italic%2Cregular%2Citalic%2C500%2C500italic%2C700%2C700italic|font_style:300%20light%20regular%3A300%3Anormal&#8221; text_transform=&#8221;none&#8221; animation=&#8221;fadeInLeft&#8221;][vc_empty_space height=&#8221;100px&#8221;][\/vc_column][vc_column text_align=&#8221;center&#8221; padding_size=&#8221;no-padding&#8221; width=&#8221;1\/2&#8243; css=&#8221;.vc_custom_1480553537608{border-top-width: 0px !important;border-right-width: 0px !important;border-bottom-width: 0px !important;border-left-width: 0px !important;}&#8221; animation=&#8221;fadeIn&#8221;][vc_single_image image=&#8221;1743&#8243;][\/vc_column][vc_column text_align=&#8221;center&#8221; width=&#8221;1\/4&#8243;][vc_empty_space height=&#8221;100px&#8221;][vc_custom_heading text=&#8221;Capacitaci\u00f3n y monitoreo constante al personal de los comercios participantes&#8221; font_container=&#8221;tag:h2|font_size:18px|text_align:center|color:%23333333|line_height:23px&#8221; google_fonts=&#8221;font_family:Ubuntu%3A300%2C300italic%2Cregular%2Citalic%2C500%2C500italic%2C700%2C700italic|font_style:300%20light%20regular%3A300%3Anormal&#8221; text_transform=&#8221;none&#8221; animation=&#8221;fadeInRight&#8221;][vc_empty_space height=&#8221;100px&#8221;][vc_custom_heading text=&#8221;Medici\u00f3n de resultados y reportes en l\u00ednea a trav\u00e9s de:&#8221; font_container=&#8221;tag:h2|font_size:18px|text_align:center|color:%23333333|line_height:23px&#8221; google_fonts=&#8221;font_family:Ubuntu%3A300%2C300italic%2Cregular%2Citalic%2C500%2C500italic%2C700%2C700italic|font_style:300%20light%20regular%3A300%3Anormal&#8221; text_transform=&#8221;none&#8221; animation=&#8221;fadeInRight&#8221;][vc_column_text css=&#8221;.vc_custom_1488475849278{padding-bottom: 100px !important;}&#8221;]<img decoding=\"async\" loading=\"lazy\" class=\"wp-image-1742 size-full aligncenter\" src=\"http:\/\/www.maxvalue.com.mx\/wp-content\/uploads\/2016\/11\/logo_Qlik_view.png\" width=\"244\" height=\"80\" \/>[\/vc_column_text][vc_custom_heading text=&#8221;Trabajamos con los principales socios comerciales del mercado en giros como retail, restaurantes, viajes, etc.&#8221; font_container=&#8221;tag:h2|font_size:18px|text_align:center|color:%23333333|line_height:23px&#8221; google_fonts=&#8221;font_family:Ubuntu%3A300%2C300italic%2Cregular%2Citalic%2C500%2C500italic%2C700%2C700italic|font_style:300%20light%20regular%3A300%3Anormal&#8221; text_transform=&#8221;none&#8221; animation=&#8221;fadeInRight&#8221; css=&#8221;.vc_custom_1487364645235{padding-right: 5% !important;padding-left: 5% !important;}&#8221;][vc_empty_space height=&#8221;100px&#8221;][\/vc_column][\/vc_row][vc_row row_style=&#8221;full-width&#8221; vertical_align=&#8221;middle&#8221; padding_size=&#8221;no-padding&#8221; background_color=&#8221;#ffffff&#8221; bg_image_url=&#8221;http:\/\/wydethemes.com\/flora1\/wp-content\/uploads\/2015\/05\/flora-bg-43.jpg&#8221; parallax=&#8221;parallax&#8221; background_overlay=&#8221;color&#8221; overlay_color=&#8221;#ffffff&#8221; overlay_opacity=&#8221;0.7&#8243; background_image=&#8221;1572&#8243;][vc_column text_style=&#8221;custom&#8221; text_align=&#8221;right&#8221; padding_size=&#8221;s-padding&#8221; background_color=&#8221;#333333&#8243; width=&#8221;1\/4&#8243; text_color=&#8221;#ffffff&#8221;][vc_empty_space height=&#8221;50px&#8221;][vc_custom_heading text=&#8221;Socios Comerciales&#8221; font_container=&#8221;tag:h2|font_size:50px|text_align:right|color:%23ffffff|line_height:1.1&#8243; google_fonts=&#8221;font_family:PT%20Sans%3Aregular%2Citalic%2C700%2C700italic|font_style:700%20bold%20regular%3A700%3Anormal&#8221; text_transform=&#8221;none&#8221; css=&#8221;.vc_custom_1487364994999{margin-top: -15px !important;padding-right: 5% !important;}&#8221; animation=&#8221;fadeInRight&#8221;][vc_empty_space][vc_column_text css=&#8221;.vc_custom_1604520193724{padding-right: 5% !important;}&#8221; animation=&#8221;fadeIn&#8221;]<\/p>\n<p style=\"text-align: right;\">M\u00e1s de 2,500 socios comerciales en M\u00e9xico<br \/>\ny en el extranjero.<\/p>\n<p>[\/vc_column_text][vc_empty_space height=&#8221;50px&#8221;][\/vc_column][vc_column padding_size=&#8221;no-padding&#8221; background_color=&#8221;#dce4e6&#8243; width=&#8221;1\/4&#8243;][vc_single_image image=&#8221;1407&#8243; alignment=&#8221;center&#8221; onclick=&#8221;custom_link&#8221; responsive=&#8221;true&#8221;][\/vc_column][vc_column text_align=&#8221;center&#8221; padding_size=&#8221;no-padding&#8221; background_color=&#8221;#eaeaea&#8221; width=&#8221;1\/2&#8243;][vc_empty_space height=&#8221;50px&#8221;][vc_custom_heading text=&#8221;Estos son solo algunos&#8230;&#8221; font_container=&#8221;tag:h2|font_size:30px|text_align:center|color:%235b5b5b|line_height:40px&#8221; google_fonts=&#8221;font_family:PT%20Sans%3Aregular%2Citalic%2C700%2C700italic|font_style:700%20bold%20regular%3A700%3Anormal&#8221; text_transform=&#8221;none&#8221; css=&#8221;.vc_custom_1487364784830{margin-top: -15px !important;}&#8221; animation=&#8221;fadeInDown&#8221;][vc_empty_space][wyde_clients_carousel images=&#8221;1434,1435,1436,1437,1438,1439,1440,1441,1442,1668,1670&#8243; image_size=&#8221;full&#8221; auto_play=&#8221;4&#8243; slide_loop=&#8221;true&#8221;][vc_empty_space height=&#8221;50px&#8221;][\/vc_column][\/vc_row]<\/p>\n","protected":false},"excerpt":{"rendered":"<p>[vc_row vertical_align=&#8221;middle&#8221; padding_size=&#8221;no-padding&#8221; background_color=&#8221;#ffffff&#8221; css=&#8221;.vc_custom_1480537774037{border-top-width: -30% !important;border-right-width: -30% !important;border-bottom-width: -30% !important;border-left-width: -30% !important;border-left-color: #deded5 !important;border-left-style: Solid !important;border-right-color: #deded5 !important;border-right-style: Solid !important;border-top-color: #deded5 !important;border-top-style: Solid !important;border-bottom-color: #deded5 !important;border-bottom-style: Solid !important;}&#8221;][vc_column text_align=&#8221;center&#8221; padding_size=&#8221;no-padding&#8221; css=&#8221;.vc_custom_1480537560632{border-top-width: -50px !important;border-right-width: -50px !important;border-bottom-width: -50px !important;border-left-width: -50px !important;}&#8221;][vc_empty_space height=&#8221;200px&#8221;][vc_custom_heading text=&#8221;te abrimos las puertas a una amplia gama de comercios en todo tipo de [&hellip;]<\/p>\n","protected":false},"author":1,"featured_media":0,"parent":0,"menu_order":0,"comment_status":"closed","ping_status":"closed","template":"","meta":[],"yoast_head":"<!-- This site is optimized with the Yoast SEO plugin v19.4 - https:\/\/yoast.com\/wordpress\/plugins\/seo\/ -->\n<title>Red de Socios Comerciales - Max Value de M\u00e9xico<\/title>\n<meta name=\"robots\" content=\"noindex, follow, max-snippet:-1, max-image-preview:large, max-video-preview:-1\" \/>\n<meta property=\"og:locale\" content=\"es_MX\" \/>\n<meta property=\"og:type\" content=\"article\" \/>\n<meta property=\"og:title\" content=\"Red de Socios Comerciales - Max Value de M\u00e9xico\" \/>\n<meta property=\"og:description\" content=\"[vc_row vertical_align=&#8221;middle&#8221; padding_size=&#8221;no-padding&#8221; background_color=&#8221;#ffffff&#8221; css=&#8221;.vc_custom_1480537774037{border-top-width: -30% !important;border-right-width: -30% !important;border-bottom-width: -30% !important;border-left-width: -30% !important;border-left-color: #deded5 !important;border-left-style: Solid !important;border-right-color: #deded5 !important;border-right-style: Solid !important;border-top-color: #deded5 !important;border-top-style: Solid !important;border-bottom-color: #deded5 !important;border-bottom-style: Solid !important;}&#8221;][vc_column text_align=&#8221;center&#8221; padding_size=&#8221;no-padding&#8221; css=&#8221;.vc_custom_1480537560632{border-top-width: -50px !important;border-right-width: -50px !important;border-bottom-width: -50px !important;border-left-width: -50px !important;}&#8221;][vc_empty_space height=&#8221;200px&#8221;][vc_custom_heading text=&#8221;te abrimos las puertas a una amplia gama de comercios en todo tipo de [&hellip;]\" \/>\n<meta property=\"og:url\" content=\"https:\/\/www.maxvalue.com.mx\/?page_id=1935\" \/>\n<meta property=\"og:site_name\" content=\"Max Value de M\u00e9xico\" \/>\n<meta property=\"article:modified_time\" content=\"2020-11-05T03:02:27+00:00\" \/>\n<meta property=\"og:image\" content=\"http:\/\/www.maxvalue.com.mx\/wp-content\/uploads\/2016\/11\/sello_promo.png\" \/>\n<meta name=\"twitter:card\" content=\"summary_large_image\" \/>\n<meta name=\"twitter:label1\" content=\"Tiempo de lectura\" \/>\n\t<meta name=\"twitter:data1\" content=\"6 minutos\" \/>\n<script type=\"application\/ld+json\" class=\"yoast-schema-graph\">{\"@context\":\"https:\/\/schema.org\",\"@graph\":[{\"@type\":\"WebSite\",\"@id\":\"https:\/\/www.maxvalue.com.mx\/#website\",\"url\":\"https:\/\/www.maxvalue.com.mx\/\",\"name\":\"Max Value de M\u00e9xico\",\"description\":\"Informaci\u00f3n de los servicios que ofrece Max Value\",\"potentialAction\":[{\"@type\":\"SearchAction\",\"target\":{\"@type\":\"EntryPoint\",\"urlTemplate\":\"https:\/\/www.maxvalue.com.mx\/?s={search_term_string}\"},\"query-input\":\"required name=search_term_string\"}],\"inLanguage\":\"es-MX\"},{\"@type\":\"WebPage\",\"@id\":\"https:\/\/www.maxvalue.com.mx\/?page_id=1935\",\"url\":\"https:\/\/www.maxvalue.com.mx\/?page_id=1935\",\"name\":\"Red de Socios Comerciales - Max Value de M\u00e9xico\",\"isPartOf\":{\"@id\":\"https:\/\/www.maxvalue.com.mx\/#website\"},\"datePublished\":\"2016-11-30T00:34:49+00:00\",\"dateModified\":\"2020-11-05T03:02:27+00:00\",\"breadcrumb\":{\"@id\":\"https:\/\/www.maxvalue.com.mx\/?page_id=1935#breadcrumb\"},\"inLanguage\":\"es-MX\",\"potentialAction\":[{\"@type\":\"ReadAction\",\"target\":[\"https:\/\/www.maxvalue.com.mx\/?page_id=1935\"]}]},{\"@type\":\"BreadcrumbList\",\"@id\":\"https:\/\/www.maxvalue.com.mx\/?page_id=1935#breadcrumb\",\"itemListElement\":[{\"@type\":\"ListItem\",\"position\":1,\"name\":\"Inicio\",\"item\":\"https:\/\/www.maxvalue.com.mx\/\"},{\"@type\":\"ListItem\",\"position\":2,\"name\":\"Red de Socios Comerciales\"}]}]}<\/script>\n<!-- \/ Yoast SEO plugin. -->","yoast_head_json":{"title":"Red de Socios Comerciales - Max Value de M\u00e9xico","robots":{"index":"noindex","follow":"follow","max-snippet":"max-snippet:-1","max-image-preview":"max-image-preview:large","max-video-preview":"max-video-preview:-1"},"og_locale":"es_MX","og_type":"article","og_title":"Red de Socios Comerciales - Max Value de M\u00e9xico","og_description":"[vc_row vertical_align=&#8221;middle&#8221; padding_size=&#8221;no-padding&#8221; background_color=&#8221;#ffffff&#8221; css=&#8221;.vc_custom_1480537774037{border-top-width: -30% !important;border-right-width: -30% !important;border-bottom-width: -30% !important;border-left-width: -30% !important;border-left-color: #deded5 !important;border-left-style: Solid !important;border-right-color: #deded5 !important;border-right-style: Solid !important;border-top-color: #deded5 !important;border-top-style: Solid !important;border-bottom-color: #deded5 !important;border-bottom-style: Solid !important;}&#8221;][vc_column text_align=&#8221;center&#8221; padding_size=&#8221;no-padding&#8221; css=&#8221;.vc_custom_1480537560632{border-top-width: -50px !important;border-right-width: -50px !important;border-bottom-width: -50px !important;border-left-width: -50px !important;}&#8221;][vc_empty_space height=&#8221;200px&#8221;][vc_custom_heading text=&#8221;te abrimos las puertas a una amplia gama de comercios en todo tipo de [&hellip;]","og_url":"https:\/\/www.maxvalue.com.mx\/?page_id=1935","og_site_name":"Max Value de M\u00e9xico","article_modified_time":"2020-11-05T03:02:27+00:00","og_image":[{"url":"http:\/\/www.maxvalue.com.mx\/wp-content\/uploads\/2016\/11\/sello_promo.png"}],"twitter_card":"summary_large_image","twitter_misc":{"Tiempo de lectura":"6 minutos"},"schema":{"@context":"https:\/\/schema.org","@graph":[{"@type":"WebSite","@id":"https:\/\/www.maxvalue.com.mx\/#website","url":"https:\/\/www.maxvalue.com.mx\/","name":"Max Value de M\u00e9xico","description":"Informaci\u00f3n de los servicios que ofrece Max Value","potentialAction":[{"@type":"SearchAction","target":{"@type":"EntryPoint","urlTemplate":"https:\/\/www.maxvalue.com.mx\/?s={search_term_string}"},"query-input":"required name=search_term_string"}],"inLanguage":"es-MX"},{"@type":"WebPage","@id":"https:\/\/www.maxvalue.com.mx\/?page_id=1935","url":"https:\/\/www.maxvalue.com.mx\/?page_id=1935","name":"Red de Socios Comerciales - Max Value de M\u00e9xico","isPartOf":{"@id":"https:\/\/www.maxvalue.com.mx\/#website"},"datePublished":"2016-11-30T00:34:49+00:00","dateModified":"2020-11-05T03:02:27+00:00","breadcrumb":{"@id":"https:\/\/www.maxvalue.com.mx\/?page_id=1935#breadcrumb"},"inLanguage":"es-MX","potentialAction":[{"@type":"ReadAction","target":["https:\/\/www.maxvalue.com.mx\/?page_id=1935"]}]},{"@type":"BreadcrumbList","@id":"https:\/\/www.maxvalue.com.mx\/?page_id=1935#breadcrumb","itemListElement":[{"@type":"ListItem","position":1,"name":"Inicio","item":"https:\/\/www.maxvalue.com.mx\/"},{"@type":"ListItem","position":2,"name":"Red de Socios Comerciales"}]}]}},"_links":{"self":[{"href":"https:\/\/www.maxvalue.com.mx\/index.php?rest_route=\/wp\/v2\/pages\/1935"}],"collection":[{"href":"https:\/\/www.maxvalue.com.mx\/index.php?rest_route=\/wp\/v2\/pages"}],"about":[{"href":"https:\/\/www.maxvalue.com.mx\/index.php?rest_route=\/wp\/v2\/types\/page"}],"author":[{"embeddable":true,"href":"https:\/\/www.maxvalue.com.mx\/index.php?rest_route=\/wp\/v2\/users\/1"}],"replies":[{"embeddable":true,"href":"https:\/\/www.maxvalue.com.mx\/index.php?rest_route=%2Fwp%2Fv2%2Fcomments&post=1935"}],"version-history":[{"count":83,"href":"https:\/\/www.maxvalue.com.mx\/index.php?rest_route=\/wp\/v2\/pages\/1935\/revisions"}],"predecessor-version":[{"id":3196,"href":"https:\/\/www.maxvalue.com.mx\/index.php?rest_route=\/wp\/v2\/pages\/1935\/revisions\/3196"}],"wp:attachment":[{"href":"https:\/\/www.maxvalue.com.mx\/index.php?rest_route=%2Fwp%2Fv2%2Fmedia&parent=1935"}],"curies":[{"name":"wp","href":"https:\/\/api.w.org\/{rel}","templated":true}]}}