{"id":1974,"date":"2016-11-30T12:44:32","date_gmt":"2016-11-30T18:44:32","guid":{"rendered":"http:\/\/localhost:8888\/?page_id=1974"},"modified":"2020-11-05T15:56:00","modified_gmt":"2020-11-05T21:56:00","slug":"diseno-grafico","status":"publish","type":"page","link":"https:\/\/www.maxvalue.com.mx\/?page_id=1974","title":{"rendered":"Dise\u00f1o Gr\u00e1fico"},"content":{"rendered":"<p>[vc_row vertical_align=&#8221;middle&#8221; padding_size=&#8221;no-padding&#8221; background_color=&#8221;#ffffff&#8221; css=&#8221;.vc_custom_1480537774037{border-top-width: -30% !important;border-right-width: -30% !important;border-bottom-width: -30% !important;border-left-width: -30% !important;border-left-color: #deded5 !important;border-left-style: Solid !important;border-right-color: #deded5 !important;border-right-style: Solid !important;border-top-color: #deded5 !important;border-top-style: Solid !important;border-bottom-color: #deded5 !important;border-bottom-style: Solid !important;}&#8221;][vc_column text_align=&#8221;center&#8221; padding_size=&#8221;no-padding&#8221; css=&#8221;.vc_custom_1480537560632{border-top-width: -50px !important;border-right-width: -50px !important;border-bottom-width: -50px !important;border-left-width: -50px !important;}&#8221;][vc_empty_space height=&#8221;200px&#8221;][vc_custom_heading text=&#8221;EXPERIMENTA LA CALIDAD DE NUESTRO SERVICIO EN DIFERENTES \u00c1REAS PUBLICITARIAS&#8221; font_container=&#8221;tag:h2|font_size:40px|text_align:center|color:%23adadad|line_height:50px&#8221; google_fonts=&#8221;font_family:PT%20Sans%3Aregular%2Citalic%2C700%2C700italic|font_style:400%20regular%3A400%3Anormal&#8221; text_transform=&#8221;uppercase&#8221; animation=&#8221;fadeIn&#8221;][vc_single_image image=&#8221;2368&#8243; alignment=&#8221;center&#8221; css=&#8221;.vc_custom_1483387593233{margin-top: 2% !important;}&#8221; animation=&#8221;fadeInUp&#8221;][vc_empty_space height=&#8221;150px&#8221;][\/vc_column][\/vc_row][vc_row vertical_align=&#8221;middle&#8221; padding_size=&#8221;no-padding&#8221; background_color=&#8221;#0eafaa&#8221;][vc_column text_align=&#8221;center&#8221; padding_size=&#8221;no-padding&#8221; css=&#8221;.vc_custom_1480537560632{border-top-width: -50px !important;border-right-width: -50px !important;border-bottom-width: -50px !important;border-left-width: -50px !important;}&#8221;][vc_empty_space height=&#8221;150px&#8221;][vc_custom_heading text=&#8221;Hacemos estrategias creativas y de comunicaci\u00f3n,&#8221; font_container=&#8221;tag:h2|font_size:30px|text_align:center|color:%23ffffff|line_height:40px&#8221; google_fonts=&#8221;font_family:Ubuntu%3A300%2C300italic%2Cregular%2Citalic%2C500%2C500italic%2C700%2C700italic|font_style:300%20light%20regular%3A300%3Anormal&#8221; text_transform=&#8221;none&#8221; animation=&#8221;fadeIn&#8221; letter_spacing=&#8221;2px&#8221;][vc_custom_heading text=&#8221;as\u00ed como su desarrollo e implementaci\u00f3n.&#8221; font_container=&#8221;tag:h2|font_size:30px|text_align:center|color:%23ffffff|line_height:40px&#8221; google_fonts=&#8221;font_family:Ubuntu%3A300%2C300italic%2Cregular%2Citalic%2C500%2C500italic%2C700%2C700italic|font_style:300%20light%20regular%3A300%3Anormal&#8221; text_transform=&#8221;none&#8221; animation=&#8221;fadeIn&#8221; letter_spacing=&#8221;2px&#8221;][vc_empty_space height=&#8221;150px&#8221;][\/vc_column][\/vc_row][vc_row row_style=&#8221;full-width&#8221; vertical_align=&#8221;middle&#8221; padding_size=&#8221;no-padding&#8221; background_color=&#8221;#ffffff&#8221;][vc_column text_align=&#8221;center&#8221; padding_size=&#8221;no-padding&#8221; bg_image_url=&#8221;http:\/\/localhost:8888\/wp-content\/uploads\/2015\/06\/Foto_Contacto1_FIL-150&#215;150.jpg&#8221; background_style=&#8221;cover&#8221; width=&#8221;1\/2&#8243; background_image=&#8221;1495&#8243;][vc_empty_space height=&#8221;400px&#8221;][\/vc_column][vc_column text_align=&#8221;center&#8221; padding_size=&#8221;no-padding&#8221; bg_image_url=&#8221;http:\/\/localhost:8888\/wp-content\/uploads\/2016\/11\/img_dg_workspace-150&#215;150.jpg&#8221; width=&#8221;1\/2&#8243; background_image=&#8221;2376&#8243;][vc_empty_space height=&#8221;400px&#8221;][\/vc_column][\/vc_row][vc_row row_style=&#8221;full-width&#8221; vertical_align=&#8221;middle&#8221; padding_size=&#8221;no-padding&#8221; background_color=&#8221;#ffffff&#8221;][vc_column text_align=&#8221;center&#8221; padding_size=&#8221;no-padding&#8221; width=&#8221;1\/3&#8243; css=&#8221;.vc_custom_1483389227004{border-top-width: -50px !important;border-right-width: -50px !important;border-bottom-width: -50px !important;border-left-width: -50px !important;}&#8221;][vc_empty_space][vc_single_image image=&#8221;2367&#8243; alignment=&#8221;center&#8221; animation=&#8221;tada&#8221;][vc_empty_space height=&#8221;50px&#8221;][vc_custom_heading text=&#8221;<strong>Identidad corporativa<\/strong>&#8221; font_container=&#8221;tag:p|font_size:25px|text_align:center|color:%230eafaa|line_height:20px&#8221; google_fonts=&#8221;font_family:PT%20Sans%3Aregular%2Citalic%2C700%2C700italic|font_style:400%20regular%3A400%3Anormal&#8221; text_transform=&#8221;none&#8221; animation_delay=&#8221;0.5&#8243; animation=&#8221;zoomIn&#8221; letter_spacing=&#8221;3px&#8221;][vc_single_image image=&#8221;2373&#8243; alignment=&#8221;center&#8221;][vc_empty_space][vc_column_text animation=&#8221;fadeInUp&#8221;]<\/p>\n<p style=\"text-align: center;\">Logotipos<br \/>\nPapeler\u00eda<br \/>\nTarjetas<br \/>\nFirmas electr\u00f3nicas<br \/>\nBranding<\/p>\n<p>[\/vc_column_text][vc_empty_space][\/vc_column][vc_column width=&#8221;1\/3&#8243;][vc_empty_space height=&#8221;50px&#8221;][vc_single_image image=&#8221;2365&#8243; alignment=&#8221;center&#8221; animation=&#8221;tada&#8221;][vc_empty_space height=&#8221;50px&#8221;][vc_custom_heading text=&#8221;<strong>Dise\u00f1o editorial<\/strong>&#8221; font_container=&#8221;tag:p|font_size:25px|text_align:center|color:%230eafaa|line_height:20px&#8221; google_fonts=&#8221;font_family:PT%20Sans%3Aregular%2Citalic%2C700%2C700italic|font_style:400%20regular%3A400%3Anormal&#8221; text_transform=&#8221;none&#8221; animation_delay=&#8221;0.5&#8243; animation=&#8221;zoomIn&#8221; letter_spacing=&#8221;3px&#8221;][vc_single_image image=&#8221;2373&#8243; alignment=&#8221;center&#8221;][vc_empty_space][vc_column_text animation=&#8221;fadeInUp&#8221;]<\/p>\n<p style=\"text-align: center;\">Cat\u00e1logos<br \/>\nRevistas<br \/>\nPublicaciones<br \/>\nInfograf\u00edas<br \/>\nBoletines internos<\/p>\n<p>[\/vc_column_text][\/vc_column][vc_column width=&#8221;1\/3&#8243;][vc_empty_space height=&#8221;100px&#8221;][vc_single_image image=&#8221;2371&#8243; alignment=&#8221;center&#8221; animation=&#8221;tada&#8221;][vc_empty_space height=&#8221;50px&#8221;][vc_custom_heading text=&#8221;<strong>Medios impresos<\/strong>&#8221; font_container=&#8221;tag:p|font_size:25px|text_align:center|color:%230eafaa|line_height:20px&#8221; google_fonts=&#8221;font_family:PT%20Sans%3Aregular%2Citalic%2C700%2C700italic|font_style:400%20regular%3A400%3Anormal&#8221; text_transform=&#8221;none&#8221; animation_delay=&#8221;0.5&#8243; animation=&#8221;zoomIn&#8221; letter_spacing=&#8221;3px&#8221;][vc_single_image image=&#8221;2373&#8243; alignment=&#8221;center&#8221;][vc_empty_space][vc_column_text animation=&#8221;fadeInUp&#8221;]<\/p>\n<p style=\"text-align: center;\">Brochures<br \/>\nFlyers<br \/>\nFolletos<br \/>\nAnuncios de prensa<br \/>\nPOP\u2019s<\/p>\n<p>[\/vc_column_text][vc_empty_space height=&#8221;100px&#8221;][\/vc_column][\/vc_row][vc_row row_style=&#8221;full-width&#8221; padding_size=&#8221;no-padding&#8221;][vc_column padding_size=&#8221;no-padding&#8221;][wyde_portfolio_grid view=&#8221;grid-space&#8221; count=&#8221;8&#8243; pagination=&#8221;2&#8243;][\/vc_column][\/vc_row][vc_row row_style=&#8221;full-width&#8221; vertical_align=&#8221;middle&#8221; background_color=&#8221;#191919&#8243;][vc_column text_align=&#8221;center&#8221; padding_size=&#8221;no-padding&#8221;][vc_empty_space height=&#8221;20px&#8221;][vc_custom_heading text=&#8221;Algunos de nuestros principales clientes&#8221; font_container=&#8221;tag:p|font_size:25px|text_align:center|color:%230eafaa|line_height:30px&#8221; google_fonts=&#8221;font_family:PT%20Sans%3Aregular%2Citalic%2C700%2C700italic|font_style:400%20regular%3A400%3Anormal&#8221; text_transform=&#8221;none&#8221; animation_delay=&#8221;0.5&#8243; animation=&#8221;zoomIn&#8221; letter_spacing=&#8221;3px&#8221;][vc_empty_space height=&#8221;60px&#8221;][wyde_clients_carousel images=&#8221;3208,3206,3207,3205,3204,2389&#8243; image_size=&#8221;full&#8221; visible_items=&#8221;4&#8243; show_pagination=&#8221;true&#8221; auto_play=&#8221;4&#8243; slide_loop=&#8221;true&#8221;][vc_empty_space height=&#8221;40px&#8221;][vc_custom_heading text=&#8221;entre otros&#8230;&#8221; font_container=&#8221;tag:p|font_size:28px|text_align:center|color:%23999999&#8243; google_fonts=&#8221;font_family:Lora%3Aregular%2Citalic%2C700%2C700italic|font_style:700%20bold%20italic%3A700%3Aitalic&#8221; text_transform=&#8221;none&#8221; animation=&#8221;fadeInDown&#8221;][\/vc_column][\/vc_row]<\/p>\n","protected":false},"excerpt":{"rendered":"<p>[vc_row vertical_align=&#8221;middle&#8221; padding_size=&#8221;no-padding&#8221; background_color=&#8221;#ffffff&#8221; css=&#8221;.vc_custom_1480537774037{border-top-width: -30% !important;border-right-width: -30% !important;border-bottom-width: -30% !important;border-left-width: -30% !important;border-left-color: #deded5 !important;border-left-style: Solid !important;border-right-color: #deded5 !important;border-right-style: Solid !important;border-top-color: #deded5 !important;border-top-style: Solid !important;border-bottom-color: #deded5 !important;border-bottom-style: Solid !important;}&#8221;][vc_column text_align=&#8221;center&#8221; padding_size=&#8221;no-padding&#8221; css=&#8221;.vc_custom_1480537560632{border-top-width: -50px !important;border-right-width: -50px !important;border-bottom-width: -50px !important;border-left-width: -50px !important;}&#8221;][vc_empty_space height=&#8221;200px&#8221;][vc_custom_heading text=&#8221;EXPERIMENTA LA CALIDAD DE NUESTRO SERVICIO EN DIFERENTES \u00c1REAS PUBLICITARIAS&#8221; font_container=&#8221;tag:h2|font_size:40px|text_align:center|color:%23adadad|line_height:50px&#8221; google_fonts=&#8221;font_family:PT%20Sans%3Aregular%2Citalic%2C700%2C700italic|font_style:400%20regular%3A400%3Anormal&#8221; text_transform=&#8221;uppercase&#8221; animation=&#8221;fadeIn&#8221;][vc_single_image [&hellip;]<\/p>\n","protected":false},"author":1,"featured_media":0,"parent":0,"menu_order":0,"comment_status":"closed","ping_status":"closed","template":"","meta":[],"yoast_head":"<!-- This site is optimized with the Yoast SEO plugin v19.4 - https:\/\/yoast.com\/wordpress\/plugins\/seo\/ -->\n<title>Dise\u00f1o Gr\u00e1fico - Max Value de M\u00e9xico<\/title>\n<meta name=\"robots\" content=\"noindex, follow, max-snippet:-1, max-image-preview:large, max-video-preview:-1\" \/>\n<meta property=\"og:locale\" content=\"es_MX\" \/>\n<meta property=\"og:type\" content=\"article\" \/>\n<meta property=\"og:title\" content=\"Dise\u00f1o Gr\u00e1fico - Max Value de M\u00e9xico\" \/>\n<meta property=\"og:description\" content=\"[vc_row vertical_align=&#8221;middle&#8221; padding_size=&#8221;no-padding&#8221; background_color=&#8221;#ffffff&#8221; css=&#8221;.vc_custom_1480537774037{border-top-width: -30% !important;border-right-width: -30% !important;border-bottom-width: -30% !important;border-left-width: -30% !important;border-left-color: #deded5 !important;border-left-style: Solid !important;border-right-color: #deded5 !important;border-right-style: Solid !important;border-top-color: #deded5 !important;border-top-style: Solid !important;border-bottom-color: #deded5 !important;border-bottom-style: Solid !important;}&#8221;][vc_column text_align=&#8221;center&#8221; padding_size=&#8221;no-padding&#8221; css=&#8221;.vc_custom_1480537560632{border-top-width: -50px !important;border-right-width: -50px !important;border-bottom-width: -50px !important;border-left-width: -50px !important;}&#8221;][vc_empty_space height=&#8221;200px&#8221;][vc_custom_heading text=&#8221;EXPERIMENTA LA CALIDAD DE NUESTRO SERVICIO EN DIFERENTES \u00c1REAS PUBLICITARIAS&#8221; font_container=&#8221;tag:h2|font_size:40px|text_align:center|color:%23adadad|line_height:50px&#8221; google_fonts=&#8221;font_family:PT%20Sans%3Aregular%2Citalic%2C700%2C700italic|font_style:400%20regular%3A400%3Anormal&#8221; text_transform=&#8221;uppercase&#8221; animation=&#8221;fadeIn&#8221;][vc_single_image [&hellip;]\" \/>\n<meta property=\"og:url\" content=\"https:\/\/www.maxvalue.com.mx\/?page_id=1974\" \/>\n<meta property=\"og:site_name\" content=\"Max Value de M\u00e9xico\" \/>\n<meta property=\"article:modified_time\" content=\"2020-11-05T21:56:00+00:00\" \/>\n<meta name=\"twitter:card\" content=\"summary_large_image\" \/>\n<meta name=\"twitter:label1\" content=\"Tiempo de lectura\" \/>\n\t<meta name=\"twitter:data1\" content=\"4 minutos\" \/>\n<script type=\"application\/ld+json\" class=\"yoast-schema-graph\">{\"@context\":\"https:\/\/schema.org\",\"@graph\":[{\"@type\":\"WebSite\",\"@id\":\"https:\/\/www.maxvalue.com.mx\/#website\",\"url\":\"https:\/\/www.maxvalue.com.mx\/\",\"name\":\"Max Value de M\u00e9xico\",\"description\":\"Informaci\u00f3n de los servicios que ofrece Max Value\",\"potentialAction\":[{\"@type\":\"SearchAction\",\"target\":{\"@type\":\"EntryPoint\",\"urlTemplate\":\"https:\/\/www.maxvalue.com.mx\/?s={search_term_string}\"},\"query-input\":\"required name=search_term_string\"}],\"inLanguage\":\"es-MX\"},{\"@type\":\"WebPage\",\"@id\":\"https:\/\/www.maxvalue.com.mx\/?page_id=1974\",\"url\":\"https:\/\/www.maxvalue.com.mx\/?page_id=1974\",\"name\":\"Dise\u00f1o Gr\u00e1fico - Max Value de M\u00e9xico\",\"isPartOf\":{\"@id\":\"https:\/\/www.maxvalue.com.mx\/#website\"},\"datePublished\":\"2016-11-30T18:44:32+00:00\",\"dateModified\":\"2020-11-05T21:56:00+00:00\",\"breadcrumb\":{\"@id\":\"https:\/\/www.maxvalue.com.mx\/?page_id=1974#breadcrumb\"},\"inLanguage\":\"es-MX\",\"potentialAction\":[{\"@type\":\"ReadAction\",\"target\":[\"https:\/\/www.maxvalue.com.mx\/?page_id=1974\"]}]},{\"@type\":\"BreadcrumbList\",\"@id\":\"https:\/\/www.maxvalue.com.mx\/?page_id=1974#breadcrumb\",\"itemListElement\":[{\"@type\":\"ListItem\",\"position\":1,\"name\":\"Inicio\",\"item\":\"https:\/\/www.maxvalue.com.mx\/\"},{\"@type\":\"ListItem\",\"position\":2,\"name\":\"Dise\u00f1o Gr\u00e1fico\"}]}]}<\/script>\n<!-- \/ Yoast SEO plugin. -->","yoast_head_json":{"title":"Dise\u00f1o Gr\u00e1fico - Max Value de M\u00e9xico","robots":{"index":"noindex","follow":"follow","max-snippet":"max-snippet:-1","max-image-preview":"max-image-preview:large","max-video-preview":"max-video-preview:-1"},"og_locale":"es_MX","og_type":"article","og_title":"Dise\u00f1o Gr\u00e1fico - Max Value de M\u00e9xico","og_description":"[vc_row vertical_align=&#8221;middle&#8221; padding_size=&#8221;no-padding&#8221; background_color=&#8221;#ffffff&#8221; css=&#8221;.vc_custom_1480537774037{border-top-width: -30% !important;border-right-width: -30% !important;border-bottom-width: -30% !important;border-left-width: -30% !important;border-left-color: #deded5 !important;border-left-style: Solid !important;border-right-color: #deded5 !important;border-right-style: Solid !important;border-top-color: #deded5 !important;border-top-style: Solid !important;border-bottom-color: #deded5 !important;border-bottom-style: Solid !important;}&#8221;][vc_column text_align=&#8221;center&#8221; padding_size=&#8221;no-padding&#8221; css=&#8221;.vc_custom_1480537560632{border-top-width: -50px !important;border-right-width: -50px !important;border-bottom-width: -50px !important;border-left-width: -50px !important;}&#8221;][vc_empty_space height=&#8221;200px&#8221;][vc_custom_heading text=&#8221;EXPERIMENTA LA CALIDAD DE NUESTRO SERVICIO EN DIFERENTES \u00c1REAS PUBLICITARIAS&#8221; font_container=&#8221;tag:h2|font_size:40px|text_align:center|color:%23adadad|line_height:50px&#8221; google_fonts=&#8221;font_family:PT%20Sans%3Aregular%2Citalic%2C700%2C700italic|font_style:400%20regular%3A400%3Anormal&#8221; text_transform=&#8221;uppercase&#8221; animation=&#8221;fadeIn&#8221;][vc_single_image [&hellip;]","og_url":"https:\/\/www.maxvalue.com.mx\/?page_id=1974","og_site_name":"Max Value de M\u00e9xico","article_modified_time":"2020-11-05T21:56:00+00:00","twitter_card":"summary_large_image","twitter_misc":{"Tiempo de lectura":"4 minutos"},"schema":{"@context":"https:\/\/schema.org","@graph":[{"@type":"WebSite","@id":"https:\/\/www.maxvalue.com.mx\/#website","url":"https:\/\/www.maxvalue.com.mx\/","name":"Max Value de M\u00e9xico","description":"Informaci\u00f3n de los servicios que ofrece Max Value","potentialAction":[{"@type":"SearchAction","target":{"@type":"EntryPoint","urlTemplate":"https:\/\/www.maxvalue.com.mx\/?s={search_term_string}"},"query-input":"required name=search_term_string"}],"inLanguage":"es-MX"},{"@type":"WebPage","@id":"https:\/\/www.maxvalue.com.mx\/?page_id=1974","url":"https:\/\/www.maxvalue.com.mx\/?page_id=1974","name":"Dise\u00f1o Gr\u00e1fico - Max Value de M\u00e9xico","isPartOf":{"@id":"https:\/\/www.maxvalue.com.mx\/#website"},"datePublished":"2016-11-30T18:44:32+00:00","dateModified":"2020-11-05T21:56:00+00:00","breadcrumb":{"@id":"https:\/\/www.maxvalue.com.mx\/?page_id=1974#breadcrumb"},"inLanguage":"es-MX","potentialAction":[{"@type":"ReadAction","target":["https:\/\/www.maxvalue.com.mx\/?page_id=1974"]}]},{"@type":"BreadcrumbList","@id":"https:\/\/www.maxvalue.com.mx\/?page_id=1974#breadcrumb","itemListElement":[{"@type":"ListItem","position":1,"name":"Inicio","item":"https:\/\/www.maxvalue.com.mx\/"},{"@type":"ListItem","position":2,"name":"Dise\u00f1o Gr\u00e1fico"}]}]}},"_links":{"self":[{"href":"https:\/\/www.maxvalue.com.mx\/index.php?rest_route=\/wp\/v2\/pages\/1974"}],"collection":[{"href":"https:\/\/www.maxvalue.com.mx\/index.php?rest_route=\/wp\/v2\/pages"}],"about":[{"href":"https:\/\/www.maxvalue.com.mx\/index.php?rest_route=\/wp\/v2\/types\/page"}],"author":[{"embeddable":true,"href":"https:\/\/www.maxvalue.com.mx\/index.php?rest_route=\/wp\/v2\/users\/1"}],"replies":[{"embeddable":true,"href":"https:\/\/www.maxvalue.com.mx\/index.php?rest_route=%2Fwp%2Fv2%2Fcomments&post=1974"}],"version-history":[{"count":34,"href":"https:\/\/www.maxvalue.com.mx\/index.php?rest_route=\/wp\/v2\/pages\/1974\/revisions"}],"predecessor-version":[{"id":3225,"href":"https:\/\/www.maxvalue.com.mx\/index.php?rest_route=\/wp\/v2\/pages\/1974\/revisions\/3225"}],"wp:attachment":[{"href":"https:\/\/www.maxvalue.com.mx\/index.php?rest_route=%2Fwp%2Fv2%2Fmedia&parent=1974"}],"curies":[{"name":"wp","href":"https:\/\/api.w.org\/{rel}","templated":true}]}}