{"id":2414,"date":"2017-01-05T14:21:56","date_gmt":"2017-01-05T20:21:56","guid":{"rendered":"http:\/\/localhost:8888\/?page_id=2414"},"modified":"2018-11-15T17:23:31","modified_gmt":"2018-11-15T23:23:31","slug":"clicash-2","status":"publish","type":"page","link":"https:\/\/www.maxvalue.com.mx\/?page_id=2414","title":{"rendered":"CliCash"},"content":{"rendered":"<p>[vc_row row_style=&#8221;full-width&#8221; vertical_align=&#8221;middle&#8221; padding_size=&#8221;no-padding&#8221;][vc_column padding_size=&#8221;no-padding&#8221; background_color=&#8221;rgba(255,255,255,0.7)&#8221; width=&#8221;1\/2&#8243;][vc_single_image image=&#8221;1838&#8243; onclick=&#8221;custom_link&#8221; responsive=&#8221;true&#8221; link=&#8221;http:\/\/www.maxvalue.com.mx\/?page_id=2298&#8243;][\/vc_column][vc_column padding_size=&#8221;l-padding&#8221; background_color=&#8221;#def4f3&#8243; width=&#8221;1\/2&#8243;][vc_empty_space height=&#8221;50px&#8221;][vc_custom_heading text=&#8221;Cash Back&#8221; font_container=&#8221;tag:h2|font_size:50px|text_align:left|color:%23333333|line_height:1.1&#8243; google_fonts=&#8221;font_family:Montserrat%3Aregular%2C700|font_style:700%20bold%20regular%3A700%3Anormal&#8221; text_transform=&#8221;none&#8221; animation=&#8221;fadeInRight&#8221;][vc_row_inner css=&#8221;.vc_custom_1437650224391{margin-right: 2% !important;margin-left: 5% !important;}&#8221;][vc_column_inner][vc_custom_heading text=&#8221;UNA NUEVA EXPERIENCIA DE COMPRA&#8221; font_container=&#8221;tag:p|font_size:20px|text_align:left|color:%230a0a0a|line_height:20px&#8221; google_fonts=&#8221;font_family:Noto%20Sans%3Aregular%2Citalic%2C700%2C700italic|font_style:400%20regular%3A400%3Anormal&#8221; text_transform=&#8221;uppercase&#8221; letter_spacing=&#8221;3.5px&#8221;][vc_column_text css=&#8221;.vc_custom_1489174628720{margin-top: -13px !important;padding-right: 10% !important;}&#8221;]Plataforma de Cash Back ligada a tarjetas de cr\u00e9dito y\/o d\u00e9bito.[\/vc_column_text][vc_empty_space][wyde_link_button title=&#8221;Conoce m\u00e1s&#8221; icon_set=&#8221;typicons&#8221; icon_typicons=&#8221;typcn typcn-arrow-right&#8221; color=&#8221;#3f3f3f&#8221; link=&#8221;url:http%3A%2F%2Fwww.maxvalue.com.mx%2F%3Fpage_id%3D2298|title:Cash%20Back||&#8221;][vc_empty_space height=&#8221;50px&#8221;][\/vc_column_inner][\/vc_row_inner][\/vc_column][\/vc_row][vc_row row_style=&#8221;full-width&#8221; vertical_align=&#8221;middle&#8221; padding_size=&#8221;no-padding&#8221;][vc_column padding_size=&#8221;l-padding&#8221; background_color=&#8221;#efefef&#8221; width=&#8221;1\/2&#8243;][vc_empty_space height=&#8221;50px&#8221;][vc_custom_heading text=&#8221;Medici\u00f3n y Reportaje&#8221; font_container=&#8221;tag:h2|font_size:50px|text_align:left|color:%23333333|line_height:1.1&#8243; google_fonts=&#8221;font_family:Montserrat%3Aregular%2C700|font_style:700%20bold%20regular%3A700%3Anormal&#8221; text_transform=&#8221;none&#8221; animation=&#8221;fadeInLeft&#8221;][vc_row_inner css=&#8221;.vc_custom_1437650224391{margin-right: 2% !important;margin-left: 5% !important;}&#8221;][vc_column_inner][vc_custom_heading text=&#8221;Medici\u00f3n transaccional en l\u00ednea&#8221; font_container=&#8221;tag:p|font_size:20px|text_align:left|color:%230a0a0a|line_height:20px&#8221; google_fonts=&#8221;font_family:Noto%20Sans%3Aregular%2Citalic%2C700%2C700italic|font_style:400%20regular%3A400%3Anormal&#8221; text_transform=&#8221;uppercase&#8221; letter_spacing=&#8221;3.5px&#8221;][vc_column_text css=&#8221;.vc_custom_1489174881279{margin-top: -13px !important;padding-right: 10% !important;}&#8221;]Consulta los resultados de tus campa\u00f1as en l\u00ednea, los 365 d\u00edas del a\u00f1o.[\/vc_column_text][vc_empty_space][wyde_link_button title=&#8221;Conoce m\u00e1s&#8221; icon_set=&#8221;typicons&#8221; icon_typicons=&#8221;typcn typcn-arrow-right&#8221; color=&#8221;#3f3f3f&#8221; link=&#8221;url:http%3A%2F%2Fwww.maxvalue.com.mx%2F%3Fpage_id%3D2547|title:Medici%C3%B3n%20y%20Reportaje||&#8221;][vc_empty_space height=&#8221;50px&#8221;][\/vc_column_inner][\/vc_row_inner][\/vc_column][vc_column padding_size=&#8221;no-padding&#8221; background_color=&#8221;rgba(255,255,255,0.7)&#8221; width=&#8221;1\/2&#8243;][vc_single_image image=&#8221;2558&#8243; onclick=&#8221;custom_link&#8221; responsive=&#8221;true&#8221; link=&#8221;http:\/\/www.maxvalue.com.mx\/?page_id=2547&#8243;][\/vc_column][\/vc_row][vc_row row_style=&#8221;full-width&#8221; vertical_align=&#8221;middle&#8221; padding_size=&#8221;no-padding&#8221;][vc_column padding_size=&#8221;no-padding&#8221; background_color=&#8221;rgba(255,255,255,0.7)&#8221; width=&#8221;1\/2&#8243;][vc_single_image image=&#8221;2431&#8243; onclick=&#8221;custom_link&#8221; responsive=&#8221;true&#8221; link=&#8221;http:\/\/www.maxvalue.com.mx\/?page_id=2428&#8243;][\/vc_column][vc_column padding_size=&#8221;l-padding&#8221; background_color=&#8221;#def4f3&#8243; width=&#8221;1\/2&#8243;][vc_empty_space height=&#8221;50px&#8221;][vc_custom_heading text=&#8221;Canales de Comunicaci\u00f3n&#8221; font_container=&#8221;tag:h2|font_size:50px|text_align:left|color:%23333333|line_height:1.1&#8243; google_fonts=&#8221;font_family:Montserrat%3Aregular%2C700|font_style:700%20bold%20regular%3A700%3Anormal&#8221; text_transform=&#8221;none&#8221; animation=&#8221;fadeInRight&#8221;][vc_row_inner css=&#8221;.vc_custom_1437650224391{margin-right: 2% !important;margin-left: 5% !important;}&#8221;][vc_column_inner][vc_custom_heading text=&#8221;PLATAFORMA DE NOTIFICACIONES INSTANT\u00c1NEAS&#8221; font_container=&#8221;tag:p|font_size:20px|text_align:left|color:%230a0a0a|line_height:20px&#8221; google_fonts=&#8221;font_family:Noto%20Sans%3Aregular%2Citalic%2C700%2C700italic|font_style:400%20regular%3A400%3Anormal&#8221; text_transform=&#8221;uppercase&#8221; letter_spacing=&#8221;3.5px&#8221;][vc_column_text css=&#8221;.vc_custom_1489175126369{margin-top: -13px !important;padding-right: 10% !important;}&#8221;]Comunicaci\u00f3n instant\u00e1nea, relevante y espec\u00edfica para cada cliente.[\/vc_column_text][vc_empty_space][wyde_link_button title=&#8221;Conoce m\u00e1s&#8221; icon_set=&#8221;typicons&#8221; icon_typicons=&#8221;typcn typcn-arrow-right&#8221; color=&#8221;#3f3f3f&#8221; link=&#8221;url:http%3A%2F%2Fwww.maxvalue.com.mx%2F%3Fpage_id%3D2428|title:Canales%20de%20Comunicaci%C3%B3n||&#8221;][vc_empty_space height=&#8221;50px&#8221;][\/vc_column_inner][\/vc_row_inner][\/vc_column][\/vc_row][vc_row row_style=&#8221;full-width&#8221; padding_size=&#8221;s-padding&#8221; css=&#8221;.vc_custom_1437280088926{border-top-width: 1px !important;padding-top: 0px !important;border-top-color: #eaeaea !important;border-top-style: solid !important;}&#8221;][vc_column text_align=&#8221;center&#8221;][wyde_icon_block icon_set=&#8221;fontawesome&#8221; icon_fontawesome=&#8221;fa fa-tag&#8221; size=&#8221;large&#8221; hover=&#8221;1&#8243; bg_color=&#8221;#0eafaa&#8221; css=&#8221;.vc_custom_1489175538016{margin-top: -70px !important;}&#8221; animation=&#8221;bounce&#8221;][vc_empty_space height=&#8221;20px&#8221;][vc_custom_heading text=&#8221;Experimenta la nueva forma de compra en Mex\u00edco&#8221; font_container=&#8221;tag:h2|font_size:40px|text_align:center|color:%23000000|line_height:40px&#8221; google_fonts=&#8221;font_family:Montserrat%3Aregular%2C700|font_style:700%20bold%20regular%3A700%3Anormal&#8221; animation=&#8221;fadeInUp&#8221;][vc_column_text css=&#8221;.vc_custom_1489175997527{padding-right: 10% !important;padding-left: 10% !important;}&#8221;]<\/p>\n<p style=\"text-align: center;\">No esperes m\u00e1s para vivir la experiencia CliCash.<br \/>\nNuevos servicios est\u00e1n por venir&#8230;<\/p>\n<p>[\/vc_column_text][vc_empty_space height=&#8221;25px&#8221;][\/vc_column][\/vc_row]<\/p>\n","protected":false},"excerpt":{"rendered":"<p>[vc_row row_style=&#8221;full-width&#8221; vertical_align=&#8221;middle&#8221; padding_size=&#8221;no-padding&#8221;][vc_column padding_size=&#8221;no-padding&#8221; background_color=&#8221;rgba(255,255,255,0.7)&#8221; width=&#8221;1\/2&#8243;][vc_single_image image=&#8221;1838&#8243; onclick=&#8221;custom_link&#8221; responsive=&#8221;true&#8221; link=&#8221;http:\/\/www.maxvalue.com.mx\/?page_id=2298&#8243;][\/vc_column][vc_column padding_size=&#8221;l-padding&#8221; background_color=&#8221;#def4f3&#8243; width=&#8221;1\/2&#8243;][vc_empty_space height=&#8221;50px&#8221;][vc_custom_heading text=&#8221;Cash Back&#8221; font_container=&#8221;tag:h2|font_size:50px|text_align:left|color:%23333333|line_height:1.1&#8243; google_fonts=&#8221;font_family:Montserrat%3Aregular%2C700|font_style:700%20bold%20regular%3A700%3Anormal&#8221; text_transform=&#8221;none&#8221; animation=&#8221;fadeInRight&#8221;][vc_row_inner css=&#8221;.vc_custom_1437650224391{margin-right: 2% !important;margin-left: 5% !important;}&#8221;][vc_column_inner][vc_custom_heading text=&#8221;UNA NUEVA EXPERIENCIA DE COMPRA&#8221; font_container=&#8221;tag:p|font_size:20px|text_align:left|color:%230a0a0a|line_height:20px&#8221; google_fonts=&#8221;font_family:Noto%20Sans%3Aregular%2Citalic%2C700%2C700italic|font_style:400%20regular%3A400%3Anormal&#8221; text_transform=&#8221;uppercase&#8221; letter_spacing=&#8221;3.5px&#8221;][vc_column_text css=&#8221;.vc_custom_1489174628720{margin-top: -13px !important;padding-right: 10% !important;}&#8221;]Plataforma de Cash Back ligada a tarjetas de cr\u00e9dito y\/o d\u00e9bito.[\/vc_column_text][vc_empty_space][wyde_link_button title=&#8221;Conoce m\u00e1s&#8221; icon_set=&#8221;typicons&#8221; icon_typicons=&#8221;typcn typcn-arrow-right&#8221; [&hellip;]<\/p>\n","protected":false},"author":1,"featured_media":0,"parent":0,"menu_order":0,"comment_status":"closed","ping_status":"closed","template":"","meta":[],"yoast_head":"<!-- This site is optimized with the Yoast SEO plugin v19.4 - https:\/\/yoast.com\/wordpress\/plugins\/seo\/ -->\n<title>CliCash - Max Value de M\u00e9xico<\/title>\n<meta name=\"robots\" content=\"noindex, follow, max-snippet:-1, max-image-preview:large, max-video-preview:-1\" \/>\n<meta property=\"og:locale\" content=\"es_MX\" \/>\n<meta property=\"og:type\" content=\"article\" \/>\n<meta property=\"og:title\" content=\"CliCash - Max Value de M\u00e9xico\" \/>\n<meta property=\"og:description\" content=\"[vc_row row_style=&#8221;full-width&#8221; vertical_align=&#8221;middle&#8221; padding_size=&#8221;no-padding&#8221;][vc_column padding_size=&#8221;no-padding&#8221; background_color=&#8221;rgba(255,255,255,0.7)&#8221; width=&#8221;1\/2&#8243;][vc_single_image image=&#8221;1838&#8243; onclick=&#8221;custom_link&#8221; responsive=&#8221;true&#8221; link=&#8221;http:\/\/www.maxvalue.com.mx\/?page_id=2298&#8243;][\/vc_column][vc_column padding_size=&#8221;l-padding&#8221; background_color=&#8221;#def4f3&#8243; width=&#8221;1\/2&#8243;][vc_empty_space height=&#8221;50px&#8221;][vc_custom_heading text=&#8221;Cash Back&#8221; font_container=&#8221;tag:h2|font_size:50px|text_align:left|color:%23333333|line_height:1.1&#8243; google_fonts=&#8221;font_family:Montserrat%3Aregular%2C700|font_style:700%20bold%20regular%3A700%3Anormal&#8221; text_transform=&#8221;none&#8221; animation=&#8221;fadeInRight&#8221;][vc_row_inner css=&#8221;.vc_custom_1437650224391{margin-right: 2% !important;margin-left: 5% !important;}&#8221;][vc_column_inner][vc_custom_heading text=&#8221;UNA NUEVA EXPERIENCIA DE COMPRA&#8221; font_container=&#8221;tag:p|font_size:20px|text_align:left|color:%230a0a0a|line_height:20px&#8221; google_fonts=&#8221;font_family:Noto%20Sans%3Aregular%2Citalic%2C700%2C700italic|font_style:400%20regular%3A400%3Anormal&#8221; text_transform=&#8221;uppercase&#8221; letter_spacing=&#8221;3.5px&#8221;][vc_column_text css=&#8221;.vc_custom_1489174628720{margin-top: -13px !important;padding-right: 10% !important;}&#8221;]Plataforma de Cash Back ligada a tarjetas de cr\u00e9dito y\/o d\u00e9bito.[\/vc_column_text][vc_empty_space][wyde_link_button title=&#8221;Conoce m\u00e1s&#8221; icon_set=&#8221;typicons&#8221; icon_typicons=&#8221;typcn typcn-arrow-right&#8221; [&hellip;]\" \/>\n<meta property=\"og:url\" content=\"https:\/\/www.maxvalue.com.mx\/?page_id=2414\" \/>\n<meta property=\"og:site_name\" content=\"Max Value de M\u00e9xico\" \/>\n<meta property=\"article:modified_time\" content=\"2018-11-15T23:23:31+00:00\" \/>\n<meta name=\"twitter:card\" content=\"summary_large_image\" \/>\n<meta name=\"twitter:label1\" content=\"Tiempo de lectura\" \/>\n\t<meta name=\"twitter:data1\" content=\"4 minutos\" \/>\n<script type=\"application\/ld+json\" class=\"yoast-schema-graph\">{\"@context\":\"https:\/\/schema.org\",\"@graph\":[{\"@type\":\"WebSite\",\"@id\":\"https:\/\/www.maxvalue.com.mx\/#website\",\"url\":\"https:\/\/www.maxvalue.com.mx\/\",\"name\":\"Max Value de M\u00e9xico\",\"description\":\"Informaci\u00f3n de los servicios que ofrece Max Value\",\"potentialAction\":[{\"@type\":\"SearchAction\",\"target\":{\"@type\":\"EntryPoint\",\"urlTemplate\":\"https:\/\/www.maxvalue.com.mx\/?s={search_term_string}\"},\"query-input\":\"required name=search_term_string\"}],\"inLanguage\":\"es-MX\"},{\"@type\":\"WebPage\",\"@id\":\"https:\/\/www.maxvalue.com.mx\/?page_id=2414\",\"url\":\"https:\/\/www.maxvalue.com.mx\/?page_id=2414\",\"name\":\"CliCash - Max Value de M\u00e9xico\",\"isPartOf\":{\"@id\":\"https:\/\/www.maxvalue.com.mx\/#website\"},\"datePublished\":\"2017-01-05T20:21:56+00:00\",\"dateModified\":\"2018-11-15T23:23:31+00:00\",\"breadcrumb\":{\"@id\":\"https:\/\/www.maxvalue.com.mx\/?page_id=2414#breadcrumb\"},\"inLanguage\":\"es-MX\",\"potentialAction\":[{\"@type\":\"ReadAction\",\"target\":[\"https:\/\/www.maxvalue.com.mx\/?page_id=2414\"]}]},{\"@type\":\"BreadcrumbList\",\"@id\":\"https:\/\/www.maxvalue.com.mx\/?page_id=2414#breadcrumb\",\"itemListElement\":[{\"@type\":\"ListItem\",\"position\":1,\"name\":\"Inicio\",\"item\":\"https:\/\/www.maxvalue.com.mx\/\"},{\"@type\":\"ListItem\",\"position\":2,\"name\":\"CliCash\"}]}]}<\/script>\n<!-- \/ Yoast SEO plugin. -->","yoast_head_json":{"title":"CliCash - Max Value de M\u00e9xico","robots":{"index":"noindex","follow":"follow","max-snippet":"max-snippet:-1","max-image-preview":"max-image-preview:large","max-video-preview":"max-video-preview:-1"},"og_locale":"es_MX","og_type":"article","og_title":"CliCash - Max Value de M\u00e9xico","og_description":"[vc_row row_style=&#8221;full-width&#8221; vertical_align=&#8221;middle&#8221; padding_size=&#8221;no-padding&#8221;][vc_column padding_size=&#8221;no-padding&#8221; background_color=&#8221;rgba(255,255,255,0.7)&#8221; width=&#8221;1\/2&#8243;][vc_single_image image=&#8221;1838&#8243; onclick=&#8221;custom_link&#8221; responsive=&#8221;true&#8221; link=&#8221;http:\/\/www.maxvalue.com.mx\/?page_id=2298&#8243;][\/vc_column][vc_column padding_size=&#8221;l-padding&#8221; background_color=&#8221;#def4f3&#8243; width=&#8221;1\/2&#8243;][vc_empty_space height=&#8221;50px&#8221;][vc_custom_heading text=&#8221;Cash Back&#8221; font_container=&#8221;tag:h2|font_size:50px|text_align:left|color:%23333333|line_height:1.1&#8243; google_fonts=&#8221;font_family:Montserrat%3Aregular%2C700|font_style:700%20bold%20regular%3A700%3Anormal&#8221; text_transform=&#8221;none&#8221; animation=&#8221;fadeInRight&#8221;][vc_row_inner css=&#8221;.vc_custom_1437650224391{margin-right: 2% !important;margin-left: 5% !important;}&#8221;][vc_column_inner][vc_custom_heading text=&#8221;UNA NUEVA EXPERIENCIA DE COMPRA&#8221; font_container=&#8221;tag:p|font_size:20px|text_align:left|color:%230a0a0a|line_height:20px&#8221; google_fonts=&#8221;font_family:Noto%20Sans%3Aregular%2Citalic%2C700%2C700italic|font_style:400%20regular%3A400%3Anormal&#8221; text_transform=&#8221;uppercase&#8221; letter_spacing=&#8221;3.5px&#8221;][vc_column_text css=&#8221;.vc_custom_1489174628720{margin-top: -13px !important;padding-right: 10% !important;}&#8221;]Plataforma de Cash Back ligada a tarjetas de cr\u00e9dito y\/o d\u00e9bito.[\/vc_column_text][vc_empty_space][wyde_link_button title=&#8221;Conoce m\u00e1s&#8221; icon_set=&#8221;typicons&#8221; icon_typicons=&#8221;typcn typcn-arrow-right&#8221; [&hellip;]","og_url":"https:\/\/www.maxvalue.com.mx\/?page_id=2414","og_site_name":"Max Value de M\u00e9xico","article_modified_time":"2018-11-15T23:23:31+00:00","twitter_card":"summary_large_image","twitter_misc":{"Tiempo de lectura":"4 minutos"},"schema":{"@context":"https:\/\/schema.org","@graph":[{"@type":"WebSite","@id":"https:\/\/www.maxvalue.com.mx\/#website","url":"https:\/\/www.maxvalue.com.mx\/","name":"Max Value de M\u00e9xico","description":"Informaci\u00f3n de los servicios que ofrece Max Value","potentialAction":[{"@type":"SearchAction","target":{"@type":"EntryPoint","urlTemplate":"https:\/\/www.maxvalue.com.mx\/?s={search_term_string}"},"query-input":"required name=search_term_string"}],"inLanguage":"es-MX"},{"@type":"WebPage","@id":"https:\/\/www.maxvalue.com.mx\/?page_id=2414","url":"https:\/\/www.maxvalue.com.mx\/?page_id=2414","name":"CliCash - Max Value de M\u00e9xico","isPartOf":{"@id":"https:\/\/www.maxvalue.com.mx\/#website"},"datePublished":"2017-01-05T20:21:56+00:00","dateModified":"2018-11-15T23:23:31+00:00","breadcrumb":{"@id":"https:\/\/www.maxvalue.com.mx\/?page_id=2414#breadcrumb"},"inLanguage":"es-MX","potentialAction":[{"@type":"ReadAction","target":["https:\/\/www.maxvalue.com.mx\/?page_id=2414"]}]},{"@type":"BreadcrumbList","@id":"https:\/\/www.maxvalue.com.mx\/?page_id=2414#breadcrumb","itemListElement":[{"@type":"ListItem","position":1,"name":"Inicio","item":"https:\/\/www.maxvalue.com.mx\/"},{"@type":"ListItem","position":2,"name":"CliCash"}]}]}},"_links":{"self":[{"href":"https:\/\/www.maxvalue.com.mx\/index.php?rest_route=\/wp\/v2\/pages\/2414"}],"collection":[{"href":"https:\/\/www.maxvalue.com.mx\/index.php?rest_route=\/wp\/v2\/pages"}],"about":[{"href":"https:\/\/www.maxvalue.com.mx\/index.php?rest_route=\/wp\/v2\/types\/page"}],"author":[{"embeddable":true,"href":"https:\/\/www.maxvalue.com.mx\/index.php?rest_route=\/wp\/v2\/users\/1"}],"replies":[{"embeddable":true,"href":"https:\/\/www.maxvalue.com.mx\/index.php?rest_route=%2Fwp%2Fv2%2Fcomments&post=2414"}],"version-history":[{"count":21,"href":"https:\/\/www.maxvalue.com.mx\/index.php?rest_route=\/wp\/v2\/pages\/2414\/revisions"}],"predecessor-version":[{"id":3145,"href":"https:\/\/www.maxvalue.com.mx\/index.php?rest_route=\/wp\/v2\/pages\/2414\/revisions\/3145"}],"wp:attachment":[{"href":"https:\/\/www.maxvalue.com.mx\/index.php?rest_route=%2Fwp%2Fv2%2Fmedia&parent=2414"}],"curies":[{"name":"wp","href":"https:\/\/api.w.org\/{rel}","templated":true}]}}