{"id":3156,"date":"2019-02-27T12:32:28","date_gmt":"2019-02-27T18:32:28","guid":{"rendered":"http:\/\/www.maxvalue.com.mx\/?page_id=3156"},"modified":"2019-02-27T12:37:10","modified_gmt":"2019-02-27T18:37:10","slug":"aviso-de-privacidad","status":"publish","type":"page","link":"https:\/\/www.maxvalue.com.mx\/?page_id=3156","title":{"rendered":"Aviso de privacidad"},"content":{"rendered":"<p>[vc_row][vc_column][vc_custom_heading text=&#8221;AVISO DE PRIVACIDAD MAX VALUE DE M\u00c9XICO, S.A. DE C.V.&#8221; font_container=&#8221;tag:h3|text_align:center&#8221; google_fonts=&#8221;font_family:Montserrat%3Aregular%2C700|font_style:400%20regular%3A400%3Anormal&#8221;][vc_column_text]<\/p>\n<div class=\"page\" title=\"Page 1\">\n<div class=\"layoutArea\">\n<div class=\"column\">\n<p>Los datos personales solicitados por MAX VALUE DE M\u00c9XICO, S.A. DE C.V., con domicilio en Cerrada de Monte L\u00edbano 6-A, Col. Lomas de Chapultepec, Miguel Hidalgo, C.P. 11000, M\u00e9xico, Distrito Federal, con la finalidad de estar en contacto con usted, enviarle informaci\u00f3n sobre la p\u00e1gina web de nuestra empresa, proveerle los servicios o productos que comercializa, brindarle el servicio que nos solicita, conocer sus necesidades de productos o servicios y estar en posibilidad de ofrecerle los que m\u00e1s se adecuen a sus preferencias; con fines de identificaci\u00f3n; comunicarle promociones, atender quejas y aclaraciones, y en su caso, tratarlos para fines compatibles con los mencionados en este Aviso de privacidad y que se consideren an\u00e1logos para efectos legales. En caso de formalizar con usted la aceptaci\u00f3n de alg\u00fan producto o servicio ofrecido por MAX VALUE DE M\u00c9XICO, S.A. DE C.V. sus datos ser\u00e1n utilizados para el cumplimiento de las obligaciones derivadas de esa relaci\u00f3n jur\u00eddica.<\/p>\n<p>Los datos no ser\u00e1n transferidos a sociedades subsidiarias dentro del territorio nacional o en el extranjero para los mismos fines citados.<\/p>\n<p>Los datos ser\u00e1n tratados de conformidad con la Ley Federal de Protecci\u00f3n de Datos Personales en Posesi\u00f3n de los Particulares y su Reglamento. La confidencialidad de los datos est\u00e1 garantizada y los mismos est\u00e1n protegidos por medidas de seguridad administrativas, t\u00e9cnicas y f\u00edsicas para evitar su da\u00f1o, p\u00e9rdida, alteraci\u00f3n, destrucci\u00f3n, uso, acceso o divulgaci\u00f3n indebida. \u00danicamente las personas autorizadas tendr\u00e1n acceso a sus datos.<\/p>\n<p>El sitio de Internet www.maxvalue.com.mx contiene enlaces a otros sitios web, por lo que MAX VALUE DE M\u00c9XICO, S.A. DE C.V. no se hace responsable de las pr\u00e1cticas y usos de los otros sitios, incluyendo los de nuestros patrocinadores y\/o socios comerciales.<\/p>\n<p>Podr\u00e1 ejercer los derechos de acceso, rectificaci\u00f3n, cancelaci\u00f3n u oposici\u00f3n al tratamiento de sus datos, o bien, la petici\u00f3n de limitaci\u00f3n de uso y divulgaci\u00f3n de sus datos, presentando su solicitud a trav\u00e9s del correo electr\u00f3nico: <a href=\"mailto:contacto@maxvalue.com.mx\">contacto@maxvalue.com.mx<\/a> o por escrito dirigido al domicilio de la empresa antes se\u00f1alado.<\/p>\n<p>Ultima actualizaci\u00f3n: Noviembre 11, 2015.<\/p>\n<\/div>\n<\/div>\n<\/div>\n<p>[\/vc_column_text][\/vc_column][\/vc_row]<\/p>\n","protected":false},"excerpt":{"rendered":"<p>[vc_row][vc_column][vc_custom_heading text=&#8221;AVISO DE PRIVACIDAD MAX VALUE DE M\u00c9XICO, S.A. DE C.V.&#8221; font_container=&#8221;tag:h3|text_align:center&#8221; google_fonts=&#8221;font_family:Montserrat%3Aregular%2C700|font_style:400%20regular%3A400%3Anormal&#8221;][vc_column_text] Los datos personales solicitados por MAX VALUE DE M\u00c9XICO, S.A. DE C.V., con domicilio en Cerrada de Monte L\u00edbano 6-A, Col. Lomas de Chapultepec, Miguel Hidalgo, C.P. 11000, M\u00e9xico, Distrito Federal, con la finalidad de estar en contacto con usted, enviarle informaci\u00f3n [&hellip;]<\/p>\n","protected":false},"author":1,"featured_media":0,"parent":0,"menu_order":0,"comment_status":"closed","ping_status":"closed","template":"","meta":[],"yoast_head":"<!-- This site is optimized with the Yoast SEO plugin v19.4 - https:\/\/yoast.com\/wordpress\/plugins\/seo\/ -->\n<title>Aviso de privacidad - Max Value de M\u00e9xico<\/title>\n<meta name=\"robots\" content=\"noindex, follow, max-snippet:-1, max-image-preview:large, max-video-preview:-1\" \/>\n<meta property=\"og:locale\" content=\"es_MX\" \/>\n<meta property=\"og:type\" content=\"article\" \/>\n<meta property=\"og:title\" content=\"Aviso de privacidad - Max Value de M\u00e9xico\" \/>\n<meta property=\"og:description\" content=\"[vc_row][vc_column][vc_custom_heading text=&#8221;AVISO DE PRIVACIDAD MAX VALUE DE M\u00c9XICO, S.A. DE C.V.&#8221; font_container=&#8221;tag:h3|text_align:center&#8221; google_fonts=&#8221;font_family:Montserrat%3Aregular%2C700|font_style:400%20regular%3A400%3Anormal&#8221;][vc_column_text] Los datos personales solicitados por MAX VALUE DE M\u00c9XICO, S.A. DE C.V., con domicilio en Cerrada de Monte L\u00edbano 6-A, Col. Lomas de Chapultepec, Miguel Hidalgo, C.P. 11000, M\u00e9xico, Distrito Federal, con la finalidad de estar en contacto con usted, enviarle informaci\u00f3n [&hellip;]\" \/>\n<meta property=\"og:url\" content=\"https:\/\/www.maxvalue.com.mx\/?page_id=3156\" \/>\n<meta property=\"og:site_name\" content=\"Max Value de M\u00e9xico\" \/>\n<meta property=\"article:modified_time\" content=\"2019-02-27T18:37:10+00:00\" \/>\n<meta name=\"twitter:card\" content=\"summary_large_image\" \/>\n<meta name=\"twitter:label1\" content=\"Tiempo de lectura\" \/>\n\t<meta name=\"twitter:data1\" content=\"2 minutos\" \/>\n<script type=\"application\/ld+json\" class=\"yoast-schema-graph\">{\"@context\":\"https:\/\/schema.org\",\"@graph\":[{\"@type\":\"WebSite\",\"@id\":\"https:\/\/www.maxvalue.com.mx\/#website\",\"url\":\"https:\/\/www.maxvalue.com.mx\/\",\"name\":\"Max Value de M\u00e9xico\",\"description\":\"Informaci\u00f3n de los servicios que ofrece Max Value\",\"potentialAction\":[{\"@type\":\"SearchAction\",\"target\":{\"@type\":\"EntryPoint\",\"urlTemplate\":\"https:\/\/www.maxvalue.com.mx\/?s={search_term_string}\"},\"query-input\":\"required name=search_term_string\"}],\"inLanguage\":\"es-MX\"},{\"@type\":\"WebPage\",\"@id\":\"https:\/\/www.maxvalue.com.mx\/?page_id=3156\",\"url\":\"https:\/\/www.maxvalue.com.mx\/?page_id=3156\",\"name\":\"Aviso de privacidad - Max Value de M\u00e9xico\",\"isPartOf\":{\"@id\":\"https:\/\/www.maxvalue.com.mx\/#website\"},\"datePublished\":\"2019-02-27T18:32:28+00:00\",\"dateModified\":\"2019-02-27T18:37:10+00:00\",\"breadcrumb\":{\"@id\":\"https:\/\/www.maxvalue.com.mx\/?page_id=3156#breadcrumb\"},\"inLanguage\":\"es-MX\",\"potentialAction\":[{\"@type\":\"ReadAction\",\"target\":[\"https:\/\/www.maxvalue.com.mx\/?page_id=3156\"]}]},{\"@type\":\"BreadcrumbList\",\"@id\":\"https:\/\/www.maxvalue.com.mx\/?page_id=3156#breadcrumb\",\"itemListElement\":[{\"@type\":\"ListItem\",\"position\":1,\"name\":\"Inicio\",\"item\":\"https:\/\/www.maxvalue.com.mx\/\"},{\"@type\":\"ListItem\",\"position\":2,\"name\":\"Aviso de privacidad\"}]}]}<\/script>\n<!-- \/ Yoast SEO plugin. -->","yoast_head_json":{"title":"Aviso de privacidad - Max Value de M\u00e9xico","robots":{"index":"noindex","follow":"follow","max-snippet":"max-snippet:-1","max-image-preview":"max-image-preview:large","max-video-preview":"max-video-preview:-1"},"og_locale":"es_MX","og_type":"article","og_title":"Aviso de privacidad - Max Value de M\u00e9xico","og_description":"[vc_row][vc_column][vc_custom_heading text=&#8221;AVISO DE PRIVACIDAD MAX VALUE DE M\u00c9XICO, S.A. DE C.V.&#8221; font_container=&#8221;tag:h3|text_align:center&#8221; google_fonts=&#8221;font_family:Montserrat%3Aregular%2C700|font_style:400%20regular%3A400%3Anormal&#8221;][vc_column_text] Los datos personales solicitados por MAX VALUE DE M\u00c9XICO, S.A. DE C.V., con domicilio en Cerrada de Monte L\u00edbano 6-A, Col. Lomas de Chapultepec, Miguel Hidalgo, C.P. 11000, M\u00e9xico, Distrito Federal, con la finalidad de estar en contacto con usted, enviarle informaci\u00f3n [&hellip;]","og_url":"https:\/\/www.maxvalue.com.mx\/?page_id=3156","og_site_name":"Max Value de M\u00e9xico","article_modified_time":"2019-02-27T18:37:10+00:00","twitter_card":"summary_large_image","twitter_misc":{"Tiempo de lectura":"2 minutos"},"schema":{"@context":"https:\/\/schema.org","@graph":[{"@type":"WebSite","@id":"https:\/\/www.maxvalue.com.mx\/#website","url":"https:\/\/www.maxvalue.com.mx\/","name":"Max Value de M\u00e9xico","description":"Informaci\u00f3n de los servicios que ofrece Max Value","potentialAction":[{"@type":"SearchAction","target":{"@type":"EntryPoint","urlTemplate":"https:\/\/www.maxvalue.com.mx\/?s={search_term_string}"},"query-input":"required name=search_term_string"}],"inLanguage":"es-MX"},{"@type":"WebPage","@id":"https:\/\/www.maxvalue.com.mx\/?page_id=3156","url":"https:\/\/www.maxvalue.com.mx\/?page_id=3156","name":"Aviso de privacidad - Max Value de M\u00e9xico","isPartOf":{"@id":"https:\/\/www.maxvalue.com.mx\/#website"},"datePublished":"2019-02-27T18:32:28+00:00","dateModified":"2019-02-27T18:37:10+00:00","breadcrumb":{"@id":"https:\/\/www.maxvalue.com.mx\/?page_id=3156#breadcrumb"},"inLanguage":"es-MX","potentialAction":[{"@type":"ReadAction","target":["https:\/\/www.maxvalue.com.mx\/?page_id=3156"]}]},{"@type":"BreadcrumbList","@id":"https:\/\/www.maxvalue.com.mx\/?page_id=3156#breadcrumb","itemListElement":[{"@type":"ListItem","position":1,"name":"Inicio","item":"https:\/\/www.maxvalue.com.mx\/"},{"@type":"ListItem","position":2,"name":"Aviso de privacidad"}]}]}},"_links":{"self":[{"href":"https:\/\/www.maxvalue.com.mx\/index.php?rest_route=\/wp\/v2\/pages\/3156"}],"collection":[{"href":"https:\/\/www.maxvalue.com.mx\/index.php?rest_route=\/wp\/v2\/pages"}],"about":[{"href":"https:\/\/www.maxvalue.com.mx\/index.php?rest_route=\/wp\/v2\/types\/page"}],"author":[{"embeddable":true,"href":"https:\/\/www.maxvalue.com.mx\/index.php?rest_route=\/wp\/v2\/users\/1"}],"replies":[{"embeddable":true,"href":"https:\/\/www.maxvalue.com.mx\/index.php?rest_route=%2Fwp%2Fv2%2Fcomments&post=3156"}],"version-history":[{"count":5,"href":"https:\/\/www.maxvalue.com.mx\/index.php?rest_route=\/wp\/v2\/pages\/3156\/revisions"}],"predecessor-version":[{"id":3161,"href":"https:\/\/www.maxvalue.com.mx\/index.php?rest_route=\/wp\/v2\/pages\/3156\/revisions\/3161"}],"wp:attachment":[{"href":"https:\/\/www.maxvalue.com.mx\/index.php?rest_route=%2Fwp%2Fv2%2Fmedia&parent=3156"}],"curies":[{"name":"wp","href":"https:\/\/api.w.org\/{rel}","templated":true}]}}