{"id":6,"date":"2015-05-30T07:24:59","date_gmt":"2015-05-30T07:24:59","guid":{"rendered":"http:\/\/wydethemes.com\/flora1\/?page_id=2"},"modified":"2022-07-29T12:43:01","modified_gmt":"2022-07-29T18:43:01","slug":"fintech-marketing-loyalty","status":"publish","type":"page","link":"https:\/\/www.maxvalue.com.mx\/","title":{"rendered":"Inicio"},"content":{"rendered":"<p>[vc_row row_style=&#8221;full-width&#8221; padding_size=&#8221;no-padding&#8221;][vc_column][rev_slider_vc button_style=&#8221;1&#8243; color=&#8221;#000000&#8243;][\/vc_column][\/vc_row][vc_row vertical_align=&#8221;middle&#8221; padding_size=&#8221;no-padding&#8221;][vc_column width=&#8221;1\/2&#8243;][vc_single_image image=&#8221;1341&#8243; img_size=&#8221;full-width&#8221; alignment=&#8221;center&#8221; css=&#8221;.vc_custom_1478540206622{margin-right: 20px !important;margin-left: 20px !important;padding-right: 20px !important;padding-left: 20px !important;}&#8221;][vc_empty_space height=&#8221;2px&#8221;][\/vc_column][vc_column width=&#8221;1\/2&#8243;][vc_empty_space height=&#8221;120px&#8221;][vc_custom_heading text=&#8221;Max Value&#8221; font_container=&#8221;tag:h2|font_size:50px|text_align:left|color:%23333333|line_height:1.1&#8243; google_fonts=&#8221;font_family:PT%20Sans%3Aregular%2Citalic%2C700%2C700italic|font_style:700%20bold%20regular%3A700%3Anormal&#8221; text_transform=&#8221;none&#8221; el_class=&#8221;overlap-left&#8221; animation=&#8221;fadeInLeft&#8221;][vc_custom_heading text=&#8221;Agencia de Marketing&#8221; font_container=&#8221;tag:h2|font_size:50px|text_align:left|color:%23333333|line_height:1.1&#8243; google_fonts=&#8221;font_family:PT%20Sans%3Aregular%2Citalic%2C700%2C700italic|font_style:400%20regular%3A400%3Anormal&#8221; text_transform=&#8221;none&#8221; css=&#8221;.vc_custom_1478025104611{margin-top: -15px !important;}&#8221; el_class=&#8221;overlap-left&#8221; animation=&#8221;fadeInRight&#8221;][vc_custom_heading text=&#8221;22 A\u00d1OS DE EXPERIENCIA&#8221; font_container=&#8221;tag:p|font_size:20px|text_align:left|color:%230a0a0a|line_height:20px&#8221; google_fonts=&#8221;font_family:Noto%20Sans%3Aregular%2Citalic%2C700%2C700italic|font_style:400%20regular%3A400%3Anormal&#8221; text_transform=&#8221;uppercase&#8221; letter_spacing=&#8221;3.5px&#8221;][vc_column_text]Somos una agencia especializada en innovadores servicios\u00a0de tecnolog\u00eda y mercadotecnia.<br \/>\nDesde 1998, hemos\u00a0demostrado nuestra calidad de trabajo y servicio con m\u00faltiples casos de \u00e9xito, reconocimientos nacionales y alianzas con empresas multinacionales.[\/vc_column_text][vc_empty_space][wyde_link_button title=&#8221;LEER M\u00c1S&#8221; icon_set=&#8221;typicons&#8221; icon_typicons=&#8221;typcn typcn-arrow-right&#8221; style=&#8221;none&#8221; css=&#8221;.vc_custom_1487880022243{padding-top: 0px !important;padding-right: 0px !important;padding-bottom: 0px !important;padding-left: 0px !important;}&#8221; link=&#8221;url:http%3A%2F%2Fwww.maxvalue.com.mx%2F%3Fpage_id%3D583|||&#8221;][vc_empty_space height=&#8221;120px&#8221;][\/vc_column][\/vc_row][vc_row row_style=&#8221;full-width&#8221; vertical_align=&#8221;middle&#8221; padding_size=&#8221;no-padding&#8221; background_color=&#8221;#f5f5f5&#8243; bg_image_url=&#8221;http:\/\/wydethemes.com\/flora1\/wp-content\/uploads\/2015\/05\/flora-bg-36.jpg&#8221; parallax=&#8221;parallax&#8221; background_overlay=&#8221;color&#8221; overlay_color=&#8221;#ffffff&#8221; overlay_opacity=&#8221;0.4&#8243; background_image=&#8221;1366&#8243;][vc_column text_align=&#8221;right&#8221; bg_image_url=&#8221;http:\/\/localhost:8888\/wp-content\/uploads\/2015\/05\/mx_servicios-150&#215;150.jpg&#8221; width=&#8221;1\/2&#8243; css=&#8221;.vc_custom_1478543909234{padding-right: 2% !important;padding-left: 2% !important;}&#8221; background_image=&#8221;1362&#8243;][vc_custom_heading text=&#8221;Ofrecemos inteligencia de mercado<br \/>\nque ayuda al \u00e9xito de nuestros clientes<br \/>\n&#8221; font_container=&#8221;tag:h2|font_size:37px|text_align:right|color:%23333333&#8243; google_fonts=&#8221;font_family:PT%20Sans%3Aregular%2Citalic%2C700%2C700italic|font_style:700%20bold%20regular%3A700%3Anormal&#8221; text_transform=&#8221;none&#8221; css=&#8221;.vc_custom_1542323429708{margin-top: 20% !important;}&#8221;][wyde_button title=&#8221;CONOCE M\u00c1S&#8221; size=&#8221;large&#8221; color=&#8221;#ffffff&#8221; bg_color=&#8221;#0eafaa&#8221; link=&#8221;url:http%3A%2F%2Fwww.maxvalue.com.mx%2F%3Fpage_id%3D2547|||&#8221;][\/vc_column][vc_column padding_size=&#8221;no-padding&#8221; width=&#8221;1\/4&#8243;][vc_single_image image=&#8221;2024&#8243; onclick=&#8221;custom_link&#8221; responsive=&#8221;true&#8221; link=&#8221;http:\/\/www.apple.com&#8221;][\/vc_column][vc_column text_style=&#8221;custom&#8221; background_color=&#8221;#e5e5e5&#8243; width=&#8221;1\/4&#8243; text_color=&#8221;#333333&#8243;][vc_empty_space height=&#8221;120px&#8221;][vc_custom_heading text=&#8221;Nuestros&#8221; font_container=&#8221;tag:h2|font_size:50px|text_align:left|color:%23333333|line_height:10px&#8221; google_fonts=&#8221;font_family:Montserrat%3Aregular%2C700|font_style:700%20bold%20regular%3A700%3Anormal&#8221; text_transform=&#8221;none&#8221; animation=&#8221;fadeInLeft&#8221;][vc_custom_heading text=&#8221;Servicios&#8221; font_container=&#8221;tag:h2|font_size:50px|text_align:left|color:%23333333|line_height:1.1&#8243; google_fonts=&#8221;font_family:Montserrat%3Aregular%2C700|font_style:700%20bold%20regular%3A700%3Anormal&#8221; text_transform=&#8221;none&#8221; animation=&#8221;fadeInLeft&#8221;][vc_custom_heading text=&#8221;D\u00e9janos darte una muestra<br \/>\nde todos los servicios que<br \/>\nen Max Value ofrecemos&#8221; font_container=&#8221;tag:p|font_size:20px|text_align:left|color:%230eafaa|line_height:25px&#8221; google_fonts=&#8221;font_family:Noto%20Sans%3Aregular%2Citalic%2C700%2C700italic|font_style:400%20regular%3A400%3Anormal&#8221; text_transform=&#8221;uppercase&#8221; letter_spacing=&#8221;3.5px&#8221;][vc_column_text css=&#8221;.vc_custom_1478547369802{margin-top: -10px !important;padding-right: 10% !important;}&#8221;]Estamos transformando\u00a0la experiencia de compra en M\u00e9xico, con beneficios instant\u00e1neos de &#8220;Cash Back&#8221; y &#8220;Redenci\u00f3n de Puntos&#8221; al instante en cualquier comercio.[\/vc_column_text][vc_empty_space][wyde_link_button title=&#8221;CON\u00d3CELOS AQU\u00cd&#8221; icon_set=&#8221;typicons&#8221; icon_typicons=&#8221;typcn typcn-arrow-right&#8221; style=&#8221;none&#8221; css=&#8221;.vc_custom_1487880843540{padding-top: 0px !important;padding-right: 0px !important;padding-bottom: 0px !important;padding-left: 0px !important;}&#8221; color=&#8221;#333333&#8243; hover_color=&#8221;#0eafaa&#8221; link=&#8221;url:http%3A%2F%2Fwww.maxvalue.com.mx%2F%3Fpage_id%3D443|||&#8221;][vc_empty_space height=&#8221;120px&#8221;][\/vc_column][\/vc_row][vc_row row_style=&#8221;full-width&#8221; vertical_align=&#8221;middle&#8221; padding_size=&#8221;no-padding&#8221; background_color=&#8221;#ffffff&#8221;][vc_column text_style=&#8221;custom&#8221; text_align=&#8221;right&#8221; background_color=&#8221;#0eafaa&#8221; width=&#8221;1\/4&#8243; el_class=&#8221;overlap&#8221; text_color=&#8221;#333333&#8243;][vc_empty_space height=&#8221;120px&#8221;][vc_custom_heading text=&#8221;CliCash&#8221; font_container=&#8221;tag:h2|font_size:50px|text_align:right|color:%23333333|line_height:1.1&#8243; google_fonts=&#8221;font_family:Montserrat%3Aregular%2C700|font_style:700%20bold%20regular%3A700%3Anormal&#8221; text_transform=&#8221;none&#8221; animation=&#8221;fadeInRight&#8221;][vc_custom_heading text=&#8221;LA \u00daNICA PLATAFORMA<br \/>\nDE CASH-BACK LIGADA A<br \/>\nTARJETAS (CR\u00c9DITO Y D\u00c9BITO)&#8221; font_container=&#8221;tag:p|font_size:20px|text_align:right|color:%23ffffff|line_height:25px&#8221; google_fonts=&#8221;font_family:Noto%20Sans%3Aregular%2Citalic%2C700%2C700italic|font_style:400%20regular%3A400%3Anormal&#8221; text_transform=&#8221;uppercase&#8221; letter_spacing=&#8221;3.5px&#8221;][vc_column_text]<\/p>\n<p style=\"text-align: right;\">Estamos transformando\u00a0la experiencia de compra en M\u00e9xico,<br \/>\ncon beneficios instant\u00e1neos de &#8220;Cash Back&#8221; y &#8220;Redenci\u00f3n de Puntos&#8221;<br \/>\nal instante en cualquier comercio.<\/p>\n<p>[\/vc_column_text][vc_empty_space][wyde_link_button title=&#8221;CONOCE M\u00c1S&#8221; icon_set=&#8221;typicons&#8221; icon_typicons=&#8221;typcn typcn-arrow-right&#8221; style=&#8221;none&#8221; css=&#8221;.vc_custom_1487881638397{padding-top: 0px !important;padding-right: 0px !important;padding-bottom: 0px !important;padding-left: 0px !important;}&#8221; color=&#8221;#ffffff&#8221; hover_color=&#8221;#333333&#8243; link=&#8221;url:http%3A%2F%2Fwww.maxvalue.com.mx%2F%3Fpage_id%3D2414|||&#8221;][vc_empty_space height=&#8221;120px&#8221;][\/vc_column][vc_column padding_size=&#8221;no-padding&#8221; background_color=&#8221;#dce4e6&#8243; width=&#8221;1\/4&#8243;][vc_single_image image=&#8221;1365&#8243; img_size=&#8221;x-large&#8221; responsive=&#8221;true&#8221;][\/vc_column][vc_column text_style=&#8221;custom&#8221; width=&#8221;1\/4&#8243; text_color=&#8221;#0eafaa&#8221;][wyde_info_box title=&#8221;Publicidad dirigida&#8221; icon_set=&#8221;etline&#8221; icon_etline=&#8221;etline-magnifying-glass&#8221; icon_size=&#8221;large&#8221; color=&#8221;#0eafaa&#8221;]<\/p>\n<p style=\"text-align: center;\">75% of Marketers say &#8220;Card-Linked Marketing&#8221; could replace<br \/>\nother methods&#8230; Forbes.<\/p>\n<p>[\/wyde_info_box][\/vc_column][vc_column text_style=&#8221;custom&#8221; width=&#8221;1\/4&#8243; text_color=&#8221;#0eafaa&#8221;][wyde_info_box title=&#8221;Concepto 100% probado&#8221; icon_set=&#8221;etline&#8221; icon_etline=&#8221;etline-target&#8221; icon_size=&#8221;large&#8221; color=&#8221;#0eafaa&#8221;]<\/p>\n<p style=\"text-align: center;\">En 2015, el <span style=\"text-decoration: underline;\">Marketing Transaccional<\/span> gener\u00f3 ventas<br \/>\nde <strong>$6 mil millones USD<\/strong><\/p>\n<p>[\/wyde_info_box][\/vc_column][\/vc_row][vc_row padding_size=&#8221;xl-padding&#8221; bg_image_url=&#8221;http:\/\/localhost:8888\/wp-content\/uploads\/2015\/05\/fondo_tabiques-150&#215;150.jpg&#8221; parallax=&#8221;fade&#8221; background_image=&#8221;1423&#8243;][vc_column][vc_empty_space][vc_row_inner][vc_column_inner width=&#8221;1\/4&#8243;][wyde_counter_box icon_set=&#8221;etline&#8221; icon_etline=&#8221;etline-wallet&#8221; title=&#8221;Millones en ahorro a clientes&#8221; value=&#8221;+2720&#8243; style=&#8221;1&#8243; color=&#8221;#000000&#8243;][\/vc_column_inner][vc_column_inner width=&#8221;1\/4&#8243;][wyde_counter_box icon_set=&#8221;etline&#8221; icon_etline=&#8221;etline-trophy&#8221; title=&#8221; a\u00f1os de experiencia&#8221; value=&#8221;22&#8243; style=&#8221;1&#8243; color=&#8221;#0eafaa&#8221;][\/vc_column_inner][vc_column_inner width=&#8221;1\/4&#8243;][wyde_counter_box icon_set=&#8221;etline&#8221; icon_etline=&#8221;etline-briefcase&#8221; title=&#8221;Socios comerciales&#8221; value=&#8221;2500&#8243; style=&#8221;1&#8243; color=&#8221;#000000&#8243;][\/vc_column_inner][vc_column_inner width=&#8221;1\/4&#8243;][wyde_counter_box icon_set=&#8221;etline&#8221; icon_etline=&#8221;etline-pricetags&#8221; title=&#8221;mil ofertas negociadas&#8221; value=&#8221;29&#8243; style=&#8221;1&#8243; color=&#8221;#000000&#8243;][\/vc_column_inner][\/vc_row_inner][vc_empty_space][\/vc_column][\/vc_row][vc_row row_style=&#8221;full-width&#8221; padding_size=&#8221;s-padding&#8221; css=&#8221;.vc_custom_1437280088926{border-top-width: 1px !important;padding-top: 0px !important;border-top-color: #eaeaea !important;border-top-style: solid !important;}&#8221;][vc_column text_align=&#8221;center&#8221;][wyde_icon_block icon=&#8221;flora-icon-moustache-2&#8243; size=&#8221;large&#8221; hover=&#8221;1&#8243; bg_color=&#8221;#000000&#8243; css=&#8221;.vc_custom_1437220911340{margin-top: -70px !important;}&#8221;][vc_empty_space height=&#8221;20px&#8221;][vc_custom_heading text=&#8221;Proyectos recientes&#8221; font_container=&#8221;tag:h2|font_size:40px|text_align:center|color:%230eafaa|line_height:40px&#8221; google_fonts=&#8221;font_family:Montserrat%3Aregular%2C700|font_style:700%20bold%20regular%3A700%3Anormal&#8221; text_transform=&#8221;capitalize&#8221;][vc_column_text css=&#8221;.vc_custom_1478562505020{padding-right: 10% !important;padding-left: 10% !important;}&#8221;]<\/p>\n<p style=\"text-align: center;\">Estos son solo algunos los proyectos\u00a0en los que estamos trabajando actualmente&#8230;<\/p>\n<p>[\/vc_column_text][vc_empty_space][vc_empty_space height=&#8221;25px&#8221;][wyde_link_button title=&#8221;Checa nuestro trabajo&#8221; icon_set=&#8221;typicons&#8221; icon_typicons=&#8221;typcn typcn-arrow-right&#8221; style=&#8221;none&#8221; size=&#8221;large&#8221; link=&#8221;url:http%3A%2F%2Fwww.maxvalue.com.mx%2F%3Fpage_id%3D1974|||&#8221;][vc_empty_space height=&#8221;10px&#8221;][\/vc_column][\/vc_row]<\/p>\n","protected":false},"excerpt":{"rendered":"<p>[vc_row row_style=&#8221;full-width&#8221; padding_size=&#8221;no-padding&#8221;][vc_column][rev_slider_vc button_style=&#8221;1&#8243; color=&#8221;#000000&#8243;][\/vc_column][\/vc_row][vc_row vertical_align=&#8221;middle&#8221; padding_size=&#8221;no-padding&#8221;][vc_column width=&#8221;1\/2&#8243;][vc_single_image image=&#8221;1341&#8243; img_size=&#8221;full-width&#8221; alignment=&#8221;center&#8221; css=&#8221;.vc_custom_1478540206622{margin-right: 20px !important;margin-left: 20px !important;padding-right: 20px !important;padding-left: 20px !important;}&#8221;][vc_empty_space height=&#8221;2px&#8221;][\/vc_column][vc_column width=&#8221;1\/2&#8243;][vc_empty_space height=&#8221;120px&#8221;][vc_custom_heading text=&#8221;Max Value&#8221; font_container=&#8221;tag:h2|font_size:50px|text_align:left|color:%23333333|line_height:1.1&#8243; google_fonts=&#8221;font_family:PT%20Sans%3Aregular%2Citalic%2C700%2C700italic|font_style:700%20bold%20regular%3A700%3Anormal&#8221; text_transform=&#8221;none&#8221; el_class=&#8221;overlap-left&#8221; animation=&#8221;fadeInLeft&#8221;][vc_custom_heading text=&#8221;Agencia de Marketing&#8221; font_container=&#8221;tag:h2|font_size:50px|text_align:left|color:%23333333|line_height:1.1&#8243; google_fonts=&#8221;font_family:PT%20Sans%3Aregular%2Citalic%2C700%2C700italic|font_style:400%20regular%3A400%3Anormal&#8221; text_transform=&#8221;none&#8221; css=&#8221;.vc_custom_1478025104611{margin-top: -15px !important;}&#8221; el_class=&#8221;overlap-left&#8221; animation=&#8221;fadeInRight&#8221;][vc_custom_heading text=&#8221;22 A\u00d1OS DE EXPERIENCIA&#8221; font_container=&#8221;tag:p|font_size:20px|text_align:left|color:%230a0a0a|line_height:20px&#8221; google_fonts=&#8221;font_family:Noto%20Sans%3Aregular%2Citalic%2C700%2C700italic|font_style:400%20regular%3A400%3Anormal&#8221; text_transform=&#8221;uppercase&#8221; letter_spacing=&#8221;3.5px&#8221;][vc_column_text]Somos una agencia especializada en innovadores servicios\u00a0de [&hellip;]<\/p>\n","protected":false},"author":1,"featured_media":3101,"parent":0,"menu_order":0,"comment_status":"open","ping_status":"open","template":"","meta":[],"yoast_head":"<!-- This site is optimized with the Yoast SEO plugin v19.4 - https:\/\/yoast.com\/wordpress\/plugins\/seo\/ -->\n<title>Marketing, Fintech &amp; Loyalty - Max Value de M\u00e9xico S.A. de C.V.<\/title>\n<meta name=\"description\" content=\"Agencia especializada en estrategias e innovadores servicios de tecnolog\u00eda financieros, marketing y programas de lealtad.\" \/>\n<meta name=\"robots\" content=\"noindex, follow, max-snippet:-1, max-image-preview:large, max-video-preview:-1\" \/>\n<meta property=\"og:locale\" content=\"es_MX\" \/>\n<meta property=\"og:type\" content=\"article\" \/>\n<meta property=\"og:title\" content=\"Marketing, Fintech &amp; Loyalty - Max Value de M\u00e9xico S.A. de C.V.\" \/>\n<meta property=\"og:description\" content=\"Agencia especializada en estrategias e innovadores servicios de tecnolog\u00eda financieros, marketing y programas de lealtad.\" \/>\n<meta property=\"og:url\" content=\"https:\/\/www.maxvalue.com.mx\/\" \/>\n<meta property=\"og:site_name\" content=\"Max Value de M\u00e9xico\" \/>\n<meta property=\"article:modified_time\" content=\"2022-07-29T18:43:01+00:00\" \/>\n<meta property=\"og:image\" content=\"https:\/\/www.maxvalue.com.mx\/wp-content\/uploads\/2018\/01\/Side_Logo_retina.png\" \/>\n\t<meta property=\"og:image:width\" content=\"400\" \/>\n\t<meta property=\"og:image:height\" content=\"300\" \/>\n\t<meta property=\"og:image:type\" content=\"image\/png\" \/>\n<meta name=\"twitter:card\" content=\"summary_large_image\" \/>\n<meta name=\"twitter:label1\" content=\"Tiempo de lectura\" \/>\n\t<meta name=\"twitter:data1\" content=\"3 minutos\" \/>\n<script type=\"application\/ld+json\" class=\"yoast-schema-graph\">{\"@context\":\"https:\/\/schema.org\",\"@graph\":[{\"@type\":\"WebSite\",\"@id\":\"https:\/\/www.maxvalue.com.mx\/#website\",\"url\":\"https:\/\/www.maxvalue.com.mx\/\",\"name\":\"Max Value de M\u00e9xico\",\"description\":\"Informaci\u00f3n de los servicios que ofrece Max Value\",\"potentialAction\":[{\"@type\":\"SearchAction\",\"target\":{\"@type\":\"EntryPoint\",\"urlTemplate\":\"https:\/\/www.maxvalue.com.mx\/?s={search_term_string}\"},\"query-input\":\"required name=search_term_string\"}],\"inLanguage\":\"es-MX\"},{\"@type\":\"WebPage\",\"@id\":\"https:\/\/www.maxvalue.com.mx\/\",\"url\":\"https:\/\/www.maxvalue.com.mx\/\",\"name\":\"Marketing, Fintech & Loyalty - Max Value de M\u00e9xico S.A. de C.V.\",\"isPartOf\":{\"@id\":\"https:\/\/www.maxvalue.com.mx\/#website\"},\"datePublished\":\"2015-05-30T07:24:59+00:00\",\"dateModified\":\"2022-07-29T18:43:01+00:00\",\"description\":\"Agencia especializada en estrategias e innovadores servicios de tecnolog\u00eda financieros, marketing y programas de lealtad.\",\"breadcrumb\":{\"@id\":\"https:\/\/www.maxvalue.com.mx\/#breadcrumb\"},\"inLanguage\":\"es-MX\",\"potentialAction\":[{\"@type\":\"ReadAction\",\"target\":[\"https:\/\/www.maxvalue.com.mx\/\"]}]},{\"@type\":\"BreadcrumbList\",\"@id\":\"https:\/\/www.maxvalue.com.mx\/#breadcrumb\",\"itemListElement\":[{\"@type\":\"ListItem\",\"position\":1,\"name\":\"Inicio\",\"item\":\"https:\/\/www.maxvalue.com.mx\/\"},{\"@type\":\"ListItem\",\"position\":2,\"name\":\"Inicio\"}]}]}<\/script>\n<!-- \/ Yoast SEO plugin. -->","yoast_head_json":{"title":"Marketing, Fintech & Loyalty - Max Value de M\u00e9xico S.A. de C.V.","description":"Agencia especializada en estrategias e innovadores servicios de tecnolog\u00eda financieros, marketing y programas de lealtad.","robots":{"index":"noindex","follow":"follow","max-snippet":"max-snippet:-1","max-image-preview":"max-image-preview:large","max-video-preview":"max-video-preview:-1"},"og_locale":"es_MX","og_type":"article","og_title":"Marketing, Fintech & Loyalty - Max Value de M\u00e9xico S.A. de C.V.","og_description":"Agencia especializada en estrategias e innovadores servicios de tecnolog\u00eda financieros, marketing y programas de lealtad.","og_url":"https:\/\/www.maxvalue.com.mx\/","og_site_name":"Max Value de M\u00e9xico","article_modified_time":"2022-07-29T18:43:01+00:00","og_image":[{"width":400,"height":300,"url":"https:\/\/www.maxvalue.com.mx\/wp-content\/uploads\/2018\/01\/Side_Logo_retina.png","type":"image\/png"}],"twitter_card":"summary_large_image","twitter_misc":{"Tiempo de lectura":"3 minutos"},"schema":{"@context":"https:\/\/schema.org","@graph":[{"@type":"WebSite","@id":"https:\/\/www.maxvalue.com.mx\/#website","url":"https:\/\/www.maxvalue.com.mx\/","name":"Max Value de M\u00e9xico","description":"Informaci\u00f3n de los servicios que ofrece Max Value","potentialAction":[{"@type":"SearchAction","target":{"@type":"EntryPoint","urlTemplate":"https:\/\/www.maxvalue.com.mx\/?s={search_term_string}"},"query-input":"required name=search_term_string"}],"inLanguage":"es-MX"},{"@type":"WebPage","@id":"https:\/\/www.maxvalue.com.mx\/","url":"https:\/\/www.maxvalue.com.mx\/","name":"Marketing, Fintech & Loyalty - Max Value de M\u00e9xico S.A. de C.V.","isPartOf":{"@id":"https:\/\/www.maxvalue.com.mx\/#website"},"datePublished":"2015-05-30T07:24:59+00:00","dateModified":"2022-07-29T18:43:01+00:00","description":"Agencia especializada en estrategias e innovadores servicios de tecnolog\u00eda financieros, marketing y programas de lealtad.","breadcrumb":{"@id":"https:\/\/www.maxvalue.com.mx\/#breadcrumb"},"inLanguage":"es-MX","potentialAction":[{"@type":"ReadAction","target":["https:\/\/www.maxvalue.com.mx\/"]}]},{"@type":"BreadcrumbList","@id":"https:\/\/www.maxvalue.com.mx\/#breadcrumb","itemListElement":[{"@type":"ListItem","position":1,"name":"Inicio","item":"https:\/\/www.maxvalue.com.mx\/"},{"@type":"ListItem","position":2,"name":"Inicio"}]}]}},"_links":{"self":[{"href":"https:\/\/www.maxvalue.com.mx\/index.php?rest_route=\/wp\/v2\/pages\/6"}],"collection":[{"href":"https:\/\/www.maxvalue.com.mx\/index.php?rest_route=\/wp\/v2\/pages"}],"about":[{"href":"https:\/\/www.maxvalue.com.mx\/index.php?rest_route=\/wp\/v2\/types\/page"}],"author":[{"embeddable":true,"href":"https:\/\/www.maxvalue.com.mx\/index.php?rest_route=\/wp\/v2\/users\/1"}],"replies":[{"embeddable":true,"href":"https:\/\/www.maxvalue.com.mx\/index.php?rest_route=%2Fwp%2Fv2%2Fcomments&post=6"}],"version-history":[{"count":136,"href":"https:\/\/www.maxvalue.com.mx\/index.php?rest_route=\/wp\/v2\/pages\/6\/revisions"}],"predecessor-version":[{"id":3234,"href":"https:\/\/www.maxvalue.com.mx\/index.php?rest_route=\/wp\/v2\/pages\/6\/revisions\/3234"}],"wp:featuredmedia":[{"embeddable":true,"href":"https:\/\/www.maxvalue.com.mx\/index.php?rest_route=\/wp\/v2\/media\/3101"}],"wp:attachment":[{"href":"https:\/\/www.maxvalue.com.mx\/index.php?rest_route=%2Fwp%2Fv2%2Fmedia&parent=6"}],"curies":[{"name":"wp","href":"https:\/\/api.w.org\/{rel}","templated":true}]}}